{"id":11008,"date":"2021-09-24T11:57:59","date_gmt":"2021-09-24T11:57:59","guid":{"rendered":"https:\/\/westgem.shop\/?post_type=product&#038;p=11008"},"modified":"2021-11-08T10:31:26","modified_gmt":"2021-11-08T10:31:26","slug":"top-fluorite-xx-new-mexico","status":"publish","type":"product","link":"https:\/\/westgem.shop\/fr\/produit\/top-fluorite-xx-new-mexico\/","title":{"rendered":"Fluorite xx - Bingham New Mexico USA"},"content":{"rendered":"<p><strong>\u00a0Trouv\u00e9 dans les ann\u00e9es 1990<\/strong><\/p>\n<p><strong>Fluorite xx avec un cristal bleu cubique exceptionnel<\/strong><\/p>\n<p>Il n'est plus gu\u00e8re possible de se procurer des niveaux de cristal provenant de ces sites autrefois c\u00e9l\u00e8bres.<\/p>\n<p>Lieu de d\u00e9couverte : <strong>Mine Blanchard - Bingham - Socorro Co. - Nouveau Mexique - USA<\/strong><\/p>\n<p>poids : 214 g<\/p>\n<p>Dim.<strong>8 x 6 x 5 cm....... le grand cristal est de 2 cm<\/strong><\/p>\n<p>La derni\u00e8re photo montre la marche de l'arri\u00e8re.<\/p>\n<p>&nbsp;<\/p>","protected":false},"excerpt":{"rendered":"<p>\u00a0D\u00e9couverte des ann\u00e9es 1990 Fluorite xx avec un cristal bleu cubique exceptionnel Les cristaux de ces sites autrefois c\u00e9l\u00e8bres ne sont plus gu\u00e8re disponibles. Lieu de la d\u00e9couverte : Blanchard Mine - Bingham - Socorro Co. - New Mexico - USA Poids : 214 g Dim : 8 x 6 x 5 cm....... le grand cristal mesure 2 cm Le [...].<\/p>","protected":false},"featured_media":11009,"template":"","meta":{"_acf_changed":false},"region":[61],"product_brand":[],"product_cat":[19],"product_tag":[],"class_list":{"0":"post-11008","1":"product","2":"type-product","3":"status-publish","4":"has-post-thumbnail","6":"region-nordamerika","7":"product_cat-kristallstufen","9":"first","10":"instock","11":"sold-individually","12":"taxable","13":"shipping-taxable","14":"purchasable","15":"product-type-simple"},"acf":[],"_links":{"self":[{"href":"https:\/\/westgem.shop\/fr\/wp-json\/wp\/v2\/product\/11008","targetHints":{"allow":["GET"]}}],"collection":[{"href":"https:\/\/westgem.shop\/fr\/wp-json\/wp\/v2\/product"}],"about":[{"href":"https:\/\/westgem.shop\/fr\/wp-json\/wp\/v2\/types\/product"}],"wp:featuredmedia":[{"embeddable":true,"href":"https:\/\/westgem.shop\/fr\/wp-json\/wp\/v2\/media\/11009"}],"wp:attachment":[{"href":"https:\/\/westgem.shop\/fr\/wp-json\/wp\/v2\/media?parent=11008"}],"wp:term":[{"taxonomy":"region","embeddable":true,"href":"https:\/\/westgem.shop\/fr\/wp-json\/wp\/v2\/region?post=11008"},{"taxonomy":"product_brand","embeddable":true,"href":"https:\/\/westgem.shop\/fr\/wp-json\/wp\/v2\/product_brand?post=11008"},{"taxonomy":"product_cat","embeddable":true,"href":"https:\/\/westgem.shop\/fr\/wp-json\/wp\/v2\/product_cat?post=11008"},{"taxonomy":"product_tag","embeddable":true,"href":"https:\/\/westgem.shop\/fr\/wp-json\/wp\/v2\/product_tag?post=11008"}],"curies":[{"name":"wp","href":"https:\/\/api.w.org\/{rel}","templated":true}]}}