{"id":11015,"date":"2021-03-23T12:59:59","date_gmt":"2021-03-23T12:59:59","guid":{"rendered":"https:\/\/westgem.shop\/?post_type=product&#038;p=11015"},"modified":"2021-09-06T15:45:27","modified_gmt":"2021-09-06T15:45:27","slug":"fluorite-bleu-vert-x-allemagne","status":"publish","type":"product","link":"https:\/\/westgem.shop\/fr\/produit\/fluorite-bleu-vert-x-allemagne\/","title":{"rendered":"For\u00eat Noire - Allemagne - Fluorite x"},"content":{"rendered":"<p>Super couleur - cristal de fluorite - bleu\/vert<\/p>\n<p>Lieu de d\u00e9couverte : Grube Klara - Oberwolfach - For\u00eat Noire - Allemagne<\/p>\n<p>Poids : 51 g Dim. : 6 x 3 x 2 cm<\/p>\n<p>La deuxi\u00e8me photo \u00e0 la lumi\u00e8re naturelle du soleil<\/p>","protected":false},"excerpt":{"rendered":"<p>Super couleur - cristal de fluorite - bleu\/vert Lieu de d\u00e9couverte : Grube Klara - Oberwolfach - For\u00eat Noire - Germany Poids : 51 g Dim. : 6 x 3 x 2 cm La deuxi\u00e8me photo en lumi\u00e8re naturelle du soleil<\/p>","protected":false},"featured_media":11016,"template":"","meta":{"_acf_changed":false},"region":[58],"product_brand":[],"product_cat":[19],"product_tag":[],"class_list":{"0":"post-11015","1":"product","2":"type-product","3":"status-publish","4":"has-post-thumbnail","6":"region-europa","7":"product_cat-kristallstufen","9":"first","10":"outofstock","11":"sold-individually","12":"taxable","13":"shipping-taxable","14":"product-type-simple"},"acf":[],"_links":{"self":[{"href":"https:\/\/westgem.shop\/fr\/wp-json\/wp\/v2\/product\/11015","targetHints":{"allow":["GET"]}}],"collection":[{"href":"https:\/\/westgem.shop\/fr\/wp-json\/wp\/v2\/product"}],"about":[{"href":"https:\/\/westgem.shop\/fr\/wp-json\/wp\/v2\/types\/product"}],"wp:featuredmedia":[{"embeddable":true,"href":"https:\/\/westgem.shop\/fr\/wp-json\/wp\/v2\/media\/11016"}],"wp:attachment":[{"href":"https:\/\/westgem.shop\/fr\/wp-json\/wp\/v2\/media?parent=11015"}],"wp:term":[{"taxonomy":"region","embeddable":true,"href":"https:\/\/westgem.shop\/fr\/wp-json\/wp\/v2\/region?post=11015"},{"taxonomy":"product_brand","embeddable":true,"href":"https:\/\/westgem.shop\/fr\/wp-json\/wp\/v2\/product_brand?post=11015"},{"taxonomy":"product_cat","embeddable":true,"href":"https:\/\/westgem.shop\/fr\/wp-json\/wp\/v2\/product_cat?post=11015"},{"taxonomy":"product_tag","embeddable":true,"href":"https:\/\/westgem.shop\/fr\/wp-json\/wp\/v2\/product_tag?post=11015"}],"curies":[{"name":"wp","href":"https:\/\/api.w.org\/{rel}","templated":true}]}}