{"id":1103,"date":"2000-07-22T00:00:00","date_gmt":"2000-07-22T00:00:00","guid":{"rendered":"https:\/\/miners.rocks\/product\/265\/"},"modified":"2020-05-19T16:56:46","modified_gmt":"2020-05-19T16:56:46","slug":"top-congo-malachite","status":"publish","type":"product","link":"https:\/\/westgem.shop\/fr\/produit\/top-congo-malachite\/","title":{"rendered":"Top Congo Malachite"},"content":{"rendered":"<p>Cette sph\u00e8re a \u00e9t\u00e9 fabriqu\u00e9e \u00e0 partir de malachite de qualit\u00e9 sup\u00e9rieure provenant des gisements de cuivre du Shaba - Congo. Le polissage de la malachite est particuli\u00e8rement d\u00e9licat, c'est pourquoi les malachites \"bon march\u00e9\" sont rarement de bonne qualit\u00e9.<\/p>\n<p>Poids : 660 grammes Diam\u00e8tre . 7 cm .<\/p>","protected":false},"excerpt":{"rendered":"<p>Cette sph\u00e8re a \u00e9t\u00e9 fabriqu\u00e9e \u00e0 partir de malachite de qualit\u00e9 sup\u00e9rieure provenant des gisements de cuivre du Shaba - Congo. Le polissage de la malachite est toujours particuli\u00e8rement d\u00e9licat, c'est pourquoi la malachite \"bon march\u00e9\" est rarement de bonne qualit\u00e9. Poids : 660 grammes Diam\u00e8tre . 7 cm.<\/p>","protected":false},"featured_media":1104,"template":"","meta":{"_acf_changed":false},"region":[],"product_brand":[],"product_cat":[15],"product_tag":[],"class_list":{"0":"post-1103","1":"product","2":"type-product","3":"status-publish","4":"has-post-thumbnail","6":"product_cat-mineralien","8":"first","9":"outofstock","10":"sold-individually","11":"product-type-simple"},"acf":[],"_links":{"self":[{"href":"https:\/\/westgem.shop\/fr\/wp-json\/wp\/v2\/product\/1103","targetHints":{"allow":["GET"]}}],"collection":[{"href":"https:\/\/westgem.shop\/fr\/wp-json\/wp\/v2\/product"}],"about":[{"href":"https:\/\/westgem.shop\/fr\/wp-json\/wp\/v2\/types\/product"}],"wp:featuredmedia":[{"embeddable":true,"href":"https:\/\/westgem.shop\/fr\/wp-json\/wp\/v2\/media\/1104"}],"wp:attachment":[{"href":"https:\/\/westgem.shop\/fr\/wp-json\/wp\/v2\/media?parent=1103"}],"wp:term":[{"taxonomy":"region","embeddable":true,"href":"https:\/\/westgem.shop\/fr\/wp-json\/wp\/v2\/region?post=1103"},{"taxonomy":"product_brand","embeddable":true,"href":"https:\/\/westgem.shop\/fr\/wp-json\/wp\/v2\/product_brand?post=1103"},{"taxonomy":"product_cat","embeddable":true,"href":"https:\/\/westgem.shop\/fr\/wp-json\/wp\/v2\/product_cat?post=1103"},{"taxonomy":"product_tag","embeddable":true,"href":"https:\/\/westgem.shop\/fr\/wp-json\/wp\/v2\/product_tag?post=1103"}],"curies":[{"name":"wp","href":"https:\/\/api.w.org\/{rel}","templated":true}]}}