{"id":11045,"date":"2021-03-24T16:16:46","date_gmt":"2021-03-24T16:16:46","guid":{"rendered":"https:\/\/westgem.shop\/?post_type=product&#038;p=11045"},"modified":"2021-09-06T15:45:35","modified_gmt":"2021-09-06T15:45:35","slug":"tourmaline-noire-en-quartz-rose","status":"publish","type":"product","link":"https:\/\/westgem.shop\/fr\/produit\/tourmaline-noire-en-quartz-rose\/","title":{"rendered":"Tourmaline noire en quartz rose"},"content":{"rendered":"<p>Tr\u00e8s grande tourmaline noire en quartz rose<\/p>\n<p>Extr\u00eamement d\u00e9coratif pour tout bureau ou pi\u00e8ce d'habitation<\/p>\n<p>localisation de la trouvaille : Sao Jose do Safira - Doce Valley - Br\u00e9sil<\/p>\n<p>Poids : 2,97 kilogrammes Dim : 19 x 13 x 11 cm<\/p>\n<p>la deuxi\u00e8me photo montre l'arri\u00e8re. la tourmaline noire n'est pas aussi brillante \u00e0 l'arri\u00e8re.<\/p>\n<p>&nbsp;<\/p>\n<p>Cette pi\u00e8ce provient d'une d\u00e9couverte en 1997<\/p>\n<p>De tels niveaux de cristal ne sont plus apparus sur le march\u00e9 depuis de nombreuses ann\u00e9es.<\/p>\n<p>TOP PRIX \u00e0 l'importation<\/p>\n<p>&nbsp;<\/p>\n<p>&nbsp;<\/p>","protected":false},"excerpt":{"rendered":"<p>Tr\u00e8s grande tourmaline noire en quartz rose Extr\u00eamement d\u00e9corative pour tout bureau ou habitation Localisation : Sao Jose do Safira - Doce Valley - Br\u00e9sil Poids : 2,97 kilogrammes Dim. : 19 x 13 x 11 cm la 2\u00e8me photo montre l'arri\u00e8re. la tourmaline noire n'est pas aussi brillante \u00e0 l'arri\u00e8re Cette pi\u00e8ce provient [...]<\/p>","protected":false},"featured_media":11047,"template":"","meta":{"_acf_changed":false},"region":[60],"product_brand":[],"product_cat":[19],"product_tag":[],"class_list":{"0":"post-11045","1":"product","2":"type-product","3":"status-publish","4":"has-post-thumbnail","6":"region-suedamerika","7":"product_cat-kristallstufen","9":"first","10":"outofstock","11":"sold-individually","12":"taxable","13":"shipping-taxable","14":"product-type-simple"},"acf":[],"_links":{"self":[{"href":"https:\/\/westgem.shop\/fr\/wp-json\/wp\/v2\/product\/11045","targetHints":{"allow":["GET"]}}],"collection":[{"href":"https:\/\/westgem.shop\/fr\/wp-json\/wp\/v2\/product"}],"about":[{"href":"https:\/\/westgem.shop\/fr\/wp-json\/wp\/v2\/types\/product"}],"wp:featuredmedia":[{"embeddable":true,"href":"https:\/\/westgem.shop\/fr\/wp-json\/wp\/v2\/media\/11047"}],"wp:attachment":[{"href":"https:\/\/westgem.shop\/fr\/wp-json\/wp\/v2\/media?parent=11045"}],"wp:term":[{"taxonomy":"region","embeddable":true,"href":"https:\/\/westgem.shop\/fr\/wp-json\/wp\/v2\/region?post=11045"},{"taxonomy":"product_brand","embeddable":true,"href":"https:\/\/westgem.shop\/fr\/wp-json\/wp\/v2\/product_brand?post=11045"},{"taxonomy":"product_cat","embeddable":true,"href":"https:\/\/westgem.shop\/fr\/wp-json\/wp\/v2\/product_cat?post=11045"},{"taxonomy":"product_tag","embeddable":true,"href":"https:\/\/westgem.shop\/fr\/wp-json\/wp\/v2\/product_tag?post=11045"}],"curies":[{"name":"wp","href":"https:\/\/api.w.org\/{rel}","templated":true}]}}