{"id":1106,"date":"2000-07-23T00:00:00","date_gmt":"2000-07-23T00:00:00","guid":{"rendered":"https:\/\/miners.rocks\/product\/266\/"},"modified":"2020-05-19T16:56:46","modified_gmt":"2020-05-19T16:56:46","slug":"malachite-polie-2","status":"publish","type":"product","link":"https:\/\/westgem.shop\/fr\/produit\/malachite-polie-2\/","title":{"rendered":"Malachite - Polie"},"content":{"rendered":"<p>Pi\u00e8ce polie \u00e0 partir de stalactites de malachite de premi\u00e8re qualit\u00e9.<\/p>\n<p>La mati\u00e8re premi\u00e8re se trouve dans la ceinture de cuivre du Katanga au Congo.<br \/>\nMine du Prince L\u00e9opold.<\/p>\n<p>poids : 390 grammes<\/p>\n<p>Dimensions : 8 x 6,5 x 5 cm<\/p>","protected":false},"excerpt":{"rendered":"<p>Pi\u00e8ce polie \u00e0 partir de stalactites de malachite de premi\u00e8re qualit\u00e9. La mati\u00e8re premi\u00e8re a \u00e9t\u00e9 trouv\u00e9e dans la ceinture de cuivre du Katanga au Congo. Mine du Prince L\u00e9opold. Poids : 390 grammes Dimensions : 8 x 6,5 x 5 cm<\/p>","protected":false},"featured_media":1107,"template":"","meta":{"_acf_changed":false},"region":[],"product_brand":[],"product_cat":[15],"product_tag":[],"class_list":{"0":"post-1106","1":"product","2":"type-product","3":"status-publish","4":"has-post-thumbnail","6":"product_cat-mineralien","8":"first","9":"outofstock","10":"sold-individually","11":"product-type-simple"},"acf":[],"_links":{"self":[{"href":"https:\/\/westgem.shop\/fr\/wp-json\/wp\/v2\/product\/1106","targetHints":{"allow":["GET"]}}],"collection":[{"href":"https:\/\/westgem.shop\/fr\/wp-json\/wp\/v2\/product"}],"about":[{"href":"https:\/\/westgem.shop\/fr\/wp-json\/wp\/v2\/types\/product"}],"wp:featuredmedia":[{"embeddable":true,"href":"https:\/\/westgem.shop\/fr\/wp-json\/wp\/v2\/media\/1107"}],"wp:attachment":[{"href":"https:\/\/westgem.shop\/fr\/wp-json\/wp\/v2\/media?parent=1106"}],"wp:term":[{"taxonomy":"region","embeddable":true,"href":"https:\/\/westgem.shop\/fr\/wp-json\/wp\/v2\/region?post=1106"},{"taxonomy":"product_brand","embeddable":true,"href":"https:\/\/westgem.shop\/fr\/wp-json\/wp\/v2\/product_brand?post=1106"},{"taxonomy":"product_cat","embeddable":true,"href":"https:\/\/westgem.shop\/fr\/wp-json\/wp\/v2\/product_cat?post=1106"},{"taxonomy":"product_tag","embeddable":true,"href":"https:\/\/westgem.shop\/fr\/wp-json\/wp\/v2\/product_tag?post=1106"}],"curies":[{"name":"wp","href":"https:\/\/api.w.org\/{rel}","templated":true}]}}