{"id":11094,"date":"2021-12-31T08:31:24","date_gmt":"2021-12-31T08:31:24","guid":{"rendered":"https:\/\/westgem.shop\/?post_type=product&#038;p=11094"},"modified":"2022-06-26T06:00:20","modified_gmt":"2022-06-26T06:00:20","slug":"larimar-2","status":"publish","type":"product","link":"https:\/\/westgem.shop\/fr\/produit\/larimar-2\/","title":{"rendered":"Larimar - Dom. Rep."},"content":{"rendered":"<p>Polie des deux c\u00f4t\u00e9s<\/p>\n<p><strong>V\u00e9ritable LARIMAR<\/strong><\/p>\n<p><strong>Pectolite bleue de duret\u00e9 5 - 6, form\u00e9e dans un corps de serpentine d'une volcanite.<\/strong><\/p>\n<p>Pierre pr\u00e9cieuse tr\u00e8s recherch\u00e9e, visuellement similaire \u00e0 une turquoise<\/p>\n<p>&nbsp;<\/p>\n<p><strong>Unique site au monde<\/strong> pour les pierres pr\u00e9cieuses<\/p>\n<p>&nbsp;<\/p>\n<p><strong>Mine de Filipas Larimar - Sierra de Baoruca - Barahona - R\u00e9publique dominicaine<\/strong><\/p>\n<p>Poids : 63 g Dim. : 6 x 5 x 1 cm<\/p>\n<p><strong>SUPER OFFRE DE PRIX !<\/strong><\/p>","protected":false},"excerpt":{"rendered":"<p>Polie sur les deux faces V\u00e9ritable LARIMAR Pectolite bleue de duret\u00e9 5 - 6, form\u00e9e dans un corps de serpentine d'une volcanite Pierre pr\u00e9cieuse tr\u00e8s recherch\u00e9e, optiquement semblable \u00e0 une turquoise Unique site au monde pour les pierres pr\u00e9cieuses Filipas Larimar Mine - Sierra de Baoruca - Barahona - R\u00e9publique Dominicaine Poids : 63 g Dim. : 6 x 5 [...]<\/p>","protected":false},"featured_media":11097,"template":"","meta":{"_acf_changed":false},"region":[61],"product_brand":[],"product_cat":[18],"product_tag":[],"class_list":{"0":"post-11094","1":"product","2":"type-product","3":"status-publish","4":"has-post-thumbnail","6":"region-nordamerika","7":"product_cat-geschliffene-einzelstucke","9":"first","10":"instock","11":"sold-individually","12":"taxable","13":"shipping-taxable","14":"purchasable","15":"product-type-simple"},"acf":[],"_links":{"self":[{"href":"https:\/\/westgem.shop\/fr\/wp-json\/wp\/v2\/product\/11094","targetHints":{"allow":["GET"]}}],"collection":[{"href":"https:\/\/westgem.shop\/fr\/wp-json\/wp\/v2\/product"}],"about":[{"href":"https:\/\/westgem.shop\/fr\/wp-json\/wp\/v2\/types\/product"}],"wp:featuredmedia":[{"embeddable":true,"href":"https:\/\/westgem.shop\/fr\/wp-json\/wp\/v2\/media\/11097"}],"wp:attachment":[{"href":"https:\/\/westgem.shop\/fr\/wp-json\/wp\/v2\/media?parent=11094"}],"wp:term":[{"taxonomy":"region","embeddable":true,"href":"https:\/\/westgem.shop\/fr\/wp-json\/wp\/v2\/region?post=11094"},{"taxonomy":"product_brand","embeddable":true,"href":"https:\/\/westgem.shop\/fr\/wp-json\/wp\/v2\/product_brand?post=11094"},{"taxonomy":"product_cat","embeddable":true,"href":"https:\/\/westgem.shop\/fr\/wp-json\/wp\/v2\/product_cat?post=11094"},{"taxonomy":"product_tag","embeddable":true,"href":"https:\/\/westgem.shop\/fr\/wp-json\/wp\/v2\/product_tag?post=11094"}],"curies":[{"name":"wp","href":"https:\/\/api.w.org\/{rel}","templated":true}]}}