{"id":1114,"date":"2000-07-25T00:00:00","date_gmt":"2000-07-25T00:00:00","guid":{"rendered":"https:\/\/miners.rocks\/product\/268\/"},"modified":"2020-05-19T16:56:47","modified_gmt":"2020-05-19T16:56:47","slug":"tourmaline-xx-madagascar","status":"publish","type":"product","link":"https:\/\/westgem.shop\/fr\/produit\/tourmaline-xx-madagascar\/","title":{"rendered":"TURMALIN xx - Madagascar"},"content":{"rendered":"<p>CRISTALE TURMALINE d'un noir profond avec des faces de t\u00eate - avec du feldspath ALBIT blanc comme neige et du quartz fum\u00e9 . Tr\u00e8s beau niveau provenant des sites de la province d'Antananarivo \u00e0 Madagascar.<\/p>\n<p>Poids : 0,4 kg Dimensions : 7 x 7 x 5 cm<\/p>","protected":false},"excerpt":{"rendered":"<p>CRISTALE TURMALINE d'un noir profond avec des faces de t\u00eate - avec du feldspath ALBIT blanc comme neige et du quartz fum\u00e9 . Tr\u00e8s beau niveau provenant des sites de la province d'Antananarivo \u00e0 Madagascar. Poids : 0,4 kg Dimensions : 7 x 7 x 5 cm<\/p>","protected":false},"featured_media":1115,"template":"","meta":{"_acf_changed":false},"region":[],"product_brand":[],"product_cat":[15],"product_tag":[],"class_list":{"0":"post-1114","1":"product","2":"type-product","3":"status-publish","4":"has-post-thumbnail","6":"product_cat-mineralien","8":"first","9":"outofstock","10":"sold-individually","11":"product-type-simple"},"acf":[],"_links":{"self":[{"href":"https:\/\/westgem.shop\/fr\/wp-json\/wp\/v2\/product\/1114","targetHints":{"allow":["GET"]}}],"collection":[{"href":"https:\/\/westgem.shop\/fr\/wp-json\/wp\/v2\/product"}],"about":[{"href":"https:\/\/westgem.shop\/fr\/wp-json\/wp\/v2\/types\/product"}],"wp:featuredmedia":[{"embeddable":true,"href":"https:\/\/westgem.shop\/fr\/wp-json\/wp\/v2\/media\/1115"}],"wp:attachment":[{"href":"https:\/\/westgem.shop\/fr\/wp-json\/wp\/v2\/media?parent=1114"}],"wp:term":[{"taxonomy":"region","embeddable":true,"href":"https:\/\/westgem.shop\/fr\/wp-json\/wp\/v2\/region?post=1114"},{"taxonomy":"product_brand","embeddable":true,"href":"https:\/\/westgem.shop\/fr\/wp-json\/wp\/v2\/product_brand?post=1114"},{"taxonomy":"product_cat","embeddable":true,"href":"https:\/\/westgem.shop\/fr\/wp-json\/wp\/v2\/product_cat?post=1114"},{"taxonomy":"product_tag","embeddable":true,"href":"https:\/\/westgem.shop\/fr\/wp-json\/wp\/v2\/product_tag?post=1114"}],"curies":[{"name":"wp","href":"https:\/\/api.w.org\/{rel}","templated":true}]}}