{"id":1118,"date":"2000-07-26T00:00:00","date_gmt":"2000-07-26T00:00:00","guid":{"rendered":"https:\/\/miners.rocks\/product\/269\/"},"modified":"2020-05-19T16:56:47","modified_gmt":"2020-05-19T16:56:47","slug":"1-a-quartz-de-cactus-xx","status":"publish","type":"product","link":"https:\/\/westgem.shop\/fr\/produit\/1-a-quartz-de-cactus-xx\/","title":{"rendered":"1 A SQUARZ CACTUS xx"},"content":{"rendered":"<p>\n\tAM\u00c9THYSTE - QUARTZ CACTUS <\/p>\n<p>\n\tBoekenhouthock \u00e0 Bushweld , Pretoria est le c\u00e9l\u00e8bre site de la vari\u00e9t\u00e9 de quartz.<\/p>\n<p>\n\tLes multiples g\u00e9n\u00e9rations de croissance du quartz donnent ces niveaux spectaculaires.<\/p>\n<p>\n\tIl y a 15 ans, les premi\u00e8res pi\u00e8ces ont \u00e9t\u00e9 trouv\u00e9es pr\u00e8s de la surface, \u00e0 1 ou 2 m\u00e8tres de profondeur, et il y a eu une ru\u00e9e vers cette nouvelle vari\u00e9t\u00e9 de quartz. Mais les pi\u00e8ces \u00e9taient plut\u00f4t petites ou des cristaux individuels de couleur blanche ou color\u00e9s en jaune ou en violet par des ions de fer. Aujourd'hui, il faut creuser \u00e0 40-50 m\u00e8tres de profondeur pour trouver de bons morceaux, ce qui rend ce mat\u00e9riau logiquement beaucoup plus cher.<\/p>\n<\/p>\n<p>\n\tPoids : 1.293 grammes ( 1,93 kilogrammes) Dimensions : 16 x 12 x 6 cm<\/p>","protected":false},"excerpt":{"rendered":"<p>AMETHYSTE - QUARTZ DE CA\u00cfC Boekenhouthock \u00e0 Bushweld , Pretoria est le c\u00e9l\u00e8bre site de la vari\u00e9t\u00e9 de quartz. Plusieurs g\u00e9n\u00e9rations de croissance de quartz donnent ces niveaux spectaculaires. Il y a 15 ans, les premi\u00e8res pi\u00e8ces ont \u00e9t\u00e9 trouv\u00e9es pr\u00e8s de la surface, \u00e0 1 ou 2 m\u00e8tres de profondeur, et il y a eu une ru\u00e9e vers cette nouvelle vari\u00e9t\u00e9 de quartz. Mais les pi\u00e8ces \u00e9taient plut\u00f4t petites ou [...].<\/p>","protected":false},"featured_media":1119,"template":"","meta":{"_acf_changed":false},"region":[],"product_brand":[],"product_cat":[15],"product_tag":[],"class_list":{"0":"post-1118","1":"product","2":"type-product","3":"status-publish","4":"has-post-thumbnail","6":"product_cat-mineralien","8":"first","9":"outofstock","10":"sold-individually","11":"product-type-simple"},"acf":[],"_links":{"self":[{"href":"https:\/\/westgem.shop\/fr\/wp-json\/wp\/v2\/product\/1118","targetHints":{"allow":["GET"]}}],"collection":[{"href":"https:\/\/westgem.shop\/fr\/wp-json\/wp\/v2\/product"}],"about":[{"href":"https:\/\/westgem.shop\/fr\/wp-json\/wp\/v2\/types\/product"}],"wp:featuredmedia":[{"embeddable":true,"href":"https:\/\/westgem.shop\/fr\/wp-json\/wp\/v2\/media\/1119"}],"wp:attachment":[{"href":"https:\/\/westgem.shop\/fr\/wp-json\/wp\/v2\/media?parent=1118"}],"wp:term":[{"taxonomy":"region","embeddable":true,"href":"https:\/\/westgem.shop\/fr\/wp-json\/wp\/v2\/region?post=1118"},{"taxonomy":"product_brand","embeddable":true,"href":"https:\/\/westgem.shop\/fr\/wp-json\/wp\/v2\/product_brand?post=1118"},{"taxonomy":"product_cat","embeddable":true,"href":"https:\/\/westgem.shop\/fr\/wp-json\/wp\/v2\/product_cat?post=1118"},{"taxonomy":"product_tag","embeddable":true,"href":"https:\/\/westgem.shop\/fr\/wp-json\/wp\/v2\/product_tag?post=1118"}],"curies":[{"name":"wp","href":"https:\/\/api.w.org\/{rel}","templated":true}]}}