{"id":1130,"date":"2000-07-29T00:00:00","date_gmt":"2000-07-29T00:00:00","guid":{"rendered":"https:\/\/miners.rocks\/product\/275\/"},"modified":"2020-05-19T16:56:49","modified_gmt":"2020-05-19T16:56:49","slug":"cristal-de-roche-xx-avec-calcite-xx","status":"publish","type":"product","link":"https:\/\/westgem.shop\/fr\/produit\/cristal-de-roche-xx-avec-calcite-xx\/","title":{"rendered":"CRISTAL DE MONTAGNE xx avec CALCIT xx"},"content":{"rendered":"<p>\u00c9tape de CRISTAL DE MONTAGNE avec des faces terminales intactes . Les cristaux de quartz sont recouverts d'une fine couche de minuscules cristaux de calcite au cours de la croissance des g\u00e9n\u00e9rations suivantes. Il en r\u00e9sulte un aspect \"velout\u00e9\" et un niveau de cristal de roche exceptionnel. Il a \u00e9t\u00e9 trouv\u00e9 dans la mine d'Ortega \u00e0 plus de 5.700 m\u00e8tres d'altitude - Andes - P\u00e9rou.<\/p>\n<p>Poids de la marche : 1,6 kilogramme Dimensions : 20 x 12 x 11 cm<\/p>","protected":false},"excerpt":{"rendered":"<p>\u00c9tape de CRISTAL DE MONTAGNE avec des faces terminales intactes . Les cristaux de quartz sont recouverts d'une fine couche de minuscules cristaux de calcite au cours de la croissance des g\u00e9n\u00e9rations suivantes. Il en r\u00e9sulte un aspect \"velout\u00e9\" et un niveau de cristal de roche exceptionnel. Il a \u00e9t\u00e9 trouv\u00e9 dans la mine d'Ortega \u00e0 plus de 5.700 m\u00e8tres d'altitude - Andes - P\u00e9rou.<\/p>","protected":false},"featured_media":1131,"template":"","meta":{"_acf_changed":false},"region":[],"product_brand":[],"product_cat":[15],"product_tag":[],"class_list":{"0":"post-1130","1":"product","2":"type-product","3":"status-publish","4":"has-post-thumbnail","6":"product_cat-mineralien","8":"first","9":"outofstock","10":"sold-individually","11":"product-type-simple"},"acf":[],"_links":{"self":[{"href":"https:\/\/westgem.shop\/fr\/wp-json\/wp\/v2\/product\/1130","targetHints":{"allow":["GET"]}}],"collection":[{"href":"https:\/\/westgem.shop\/fr\/wp-json\/wp\/v2\/product"}],"about":[{"href":"https:\/\/westgem.shop\/fr\/wp-json\/wp\/v2\/types\/product"}],"wp:featuredmedia":[{"embeddable":true,"href":"https:\/\/westgem.shop\/fr\/wp-json\/wp\/v2\/media\/1131"}],"wp:attachment":[{"href":"https:\/\/westgem.shop\/fr\/wp-json\/wp\/v2\/media?parent=1130"}],"wp:term":[{"taxonomy":"region","embeddable":true,"href":"https:\/\/westgem.shop\/fr\/wp-json\/wp\/v2\/region?post=1130"},{"taxonomy":"product_brand","embeddable":true,"href":"https:\/\/westgem.shop\/fr\/wp-json\/wp\/v2\/product_brand?post=1130"},{"taxonomy":"product_cat","embeddable":true,"href":"https:\/\/westgem.shop\/fr\/wp-json\/wp\/v2\/product_cat?post=1130"},{"taxonomy":"product_tag","embeddable":true,"href":"https:\/\/westgem.shop\/fr\/wp-json\/wp\/v2\/product_tag?post=1130"}],"curies":[{"name":"wp","href":"https:\/\/api.w.org\/{rel}","templated":true}]}}