{"id":1133,"date":"2000-07-30T00:00:00","date_gmt":"2000-07-30T00:00:00","guid":{"rendered":"https:\/\/miners.rocks\/product\/276\/"},"modified":"2020-05-19T16:56:49","modified_gmt":"2020-05-19T16:56:49","slug":"fluorite-xx-haut-tauern","status":"publish","type":"product","link":"https:\/\/westgem.shop\/fr\/produit\/fluorite-xx-haut-tauern\/","title":{"rendered":"FLUORIT xx - Hohe Tauern"},"content":{"rendered":"<p>Tr\u00e8s beau niveau de FLUORITE attractif pour les collectionneurs alpins. Ce niveau provient d'une ancienne d\u00e9couverte spectaculaire dans la r\u00e9gion du sommet du WEISSECK - Lungau - Salzbourg. <\/p>\n<p> Cette r\u00e9gion est maintenant prot\u00e9g\u00e9e et il ne faut plus s'attendre \u00e0 de nouvelles d\u00e9couvertes. Ces FLUORIT xx sont de couleur tendre, l\u00e9g\u00e8rement zon\u00e9e et se trouvent sur du calcaire.<\/p>\n<p>Poids de la marche : 0,6 Kg.(600 grammes) Dimensions : 16 x 8 x 6 cm.<\/p>","protected":false},"excerpt":{"rendered":"<p>Tr\u00e8s beau niveau de FLUORITE attractif pour les collectionneurs alpins. Ce niveau provient d'une ancienne d\u00e9couverte spectaculaire dans la r\u00e9gion du sommet du WEISSECK - Lungau - Salzbourg. Cette r\u00e9gion est maintenant prot\u00e9g\u00e9e et il ne faut plus s'attendre \u00e0 de nouvelles d\u00e9couvertes. Ces FLUORIT xx sont de couleur tendre, l\u00e9g\u00e8rement zon\u00e9e et se trouvent sur du calcaire. Poids de la marche : 0,6 Kg.(600 grammes) Dimensions : 16 [...]<\/p>","protected":false},"featured_media":1134,"template":"","meta":{"_acf_changed":false},"region":[],"product_brand":[],"product_cat":[15],"product_tag":[],"class_list":{"0":"post-1133","1":"product","2":"type-product","3":"status-publish","4":"has-post-thumbnail","6":"product_cat-mineralien","8":"first","9":"outofstock","10":"sold-individually","11":"product-type-simple"},"acf":[],"_links":{"self":[{"href":"https:\/\/westgem.shop\/fr\/wp-json\/wp\/v2\/product\/1133","targetHints":{"allow":["GET"]}}],"collection":[{"href":"https:\/\/westgem.shop\/fr\/wp-json\/wp\/v2\/product"}],"about":[{"href":"https:\/\/westgem.shop\/fr\/wp-json\/wp\/v2\/types\/product"}],"wp:featuredmedia":[{"embeddable":true,"href":"https:\/\/westgem.shop\/fr\/wp-json\/wp\/v2\/media\/1134"}],"wp:attachment":[{"href":"https:\/\/westgem.shop\/fr\/wp-json\/wp\/v2\/media?parent=1133"}],"wp:term":[{"taxonomy":"region","embeddable":true,"href":"https:\/\/westgem.shop\/fr\/wp-json\/wp\/v2\/region?post=1133"},{"taxonomy":"product_brand","embeddable":true,"href":"https:\/\/westgem.shop\/fr\/wp-json\/wp\/v2\/product_brand?post=1133"},{"taxonomy":"product_cat","embeddable":true,"href":"https:\/\/westgem.shop\/fr\/wp-json\/wp\/v2\/product_cat?post=1133"},{"taxonomy":"product_tag","embeddable":true,"href":"https:\/\/westgem.shop\/fr\/wp-json\/wp\/v2\/product_tag?post=1133"}],"curies":[{"name":"wp","href":"https:\/\/api.w.org\/{rel}","templated":true}]}}