{"id":11375,"date":"2021-07-31T10:18:45","date_gmt":"2021-07-31T10:18:45","guid":{"rendered":"https:\/\/westgem.shop\/?post_type=product&#038;p=11375"},"modified":"2021-11-08T09:47:30","modified_gmt":"2021-11-08T09:47:30","slug":"socorro-county-new-mexico-usa-fluorite-bleue-xx","status":"publish","type":"product","link":"https:\/\/westgem.shop\/fr\/produit\/socorro-county-new-mexico-usa-fluorite-bleue-xx\/","title":{"rendered":"Fluorite bleue xx - Socorro County - Nouveau Mexique USA"},"content":{"rendered":"<p>Blanchard Claim - Bingham - Nouveau Mexique USA<\/p>\n<p>exploitation mini\u00e8re \u00e0 partir des ann\u00e9es 1880 pour la barytine, le cuivre, la gal\u00e8ne et la fluorine<\/p>\n<p>Aucune d\u00e9couverte particuli\u00e8re connue depuis 2002.<\/p>\n<p>Tr\u00e8s beau niveau Blanchard avec tout autour de belles fluorites cubiques bleu clair xx sur quartz blanc xx et plomb noir<\/p>\n<p>Poids : 317 g<\/p>\n<p>Dim : 11 x 6 x 4,5 cm<\/p>","protected":false},"excerpt":{"rendered":"<p>Blanchard Claim - Bingham - New Mexico USA Exploitation mini\u00e8re \u00e0 partir des ann\u00e9es 1880 pour la barytine, le cuivre, la gal\u00e8ne et la fluorite Depuis 2002, plus de d\u00e9couvertes particuli\u00e8res. Tr\u00e8s beau niveau de Blanchard avec tout autour une belle fluorite cubique bleu clair xx sur quartz blanc xx et plomb noir Poids : 317 g Dim. : 11 x 6 x 4,5 cm<\/p>","protected":false},"featured_media":11434,"template":"","meta":{"_acf_changed":false},"region":[61],"product_brand":[],"product_cat":[19],"product_tag":[],"class_list":{"0":"post-11375","1":"product","2":"type-product","3":"status-publish","4":"has-post-thumbnail","6":"region-nordamerika","7":"product_cat-kristallstufen","9":"first","10":"outofstock","11":"sold-individually","12":"taxable","13":"shipping-taxable","14":"purchasable","15":"product-type-simple"},"acf":[],"_links":{"self":[{"href":"https:\/\/westgem.shop\/fr\/wp-json\/wp\/v2\/product\/11375","targetHints":{"allow":["GET"]}}],"collection":[{"href":"https:\/\/westgem.shop\/fr\/wp-json\/wp\/v2\/product"}],"about":[{"href":"https:\/\/westgem.shop\/fr\/wp-json\/wp\/v2\/types\/product"}],"wp:featuredmedia":[{"embeddable":true,"href":"https:\/\/westgem.shop\/fr\/wp-json\/wp\/v2\/media\/11434"}],"wp:attachment":[{"href":"https:\/\/westgem.shop\/fr\/wp-json\/wp\/v2\/media?parent=11375"}],"wp:term":[{"taxonomy":"region","embeddable":true,"href":"https:\/\/westgem.shop\/fr\/wp-json\/wp\/v2\/region?post=11375"},{"taxonomy":"product_brand","embeddable":true,"href":"https:\/\/westgem.shop\/fr\/wp-json\/wp\/v2\/product_brand?post=11375"},{"taxonomy":"product_cat","embeddable":true,"href":"https:\/\/westgem.shop\/fr\/wp-json\/wp\/v2\/product_cat?post=11375"},{"taxonomy":"product_tag","embeddable":true,"href":"https:\/\/westgem.shop\/fr\/wp-json\/wp\/v2\/product_tag?post=11375"}],"curies":[{"name":"wp","href":"https:\/\/api.w.org\/{rel}","templated":true}]}}