{"id":1138,"date":"2000-07-31T00:00:00","date_gmt":"2000-07-31T00:00:00","guid":{"rendered":"https:\/\/miners.rocks\/product\/277\/"},"modified":"2020-05-19T16:56:50","modified_gmt":"2020-05-19T16:56:50","slug":"pyrite-hematite","status":"publish","type":"product","link":"https:\/\/westgem.shop\/fr\/produit\/pyrite-hematite\/","title":{"rendered":"PYRITE - H\u00c9MATITE"},"content":{"rendered":"<p>Grande PYRITE avec facette cristalline sur h\u00e9matite m\u00e9tallique brillante Un niveau classique de la c\u00e9l\u00e8bre \u00eele min\u00e9rale de la M\u00e9diterran\u00e9e . Trouv\u00e9 \u00e0 Rio _Marinas - \u00eele d'ELBA<\/p>\n<p>Poids : 1,60 kilogramme Dimensions : 14 x 10 x 9 cm<\/p>\n<p>L'image 3 est la face inf\u00e9rieure<\/p>","protected":false},"excerpt":{"rendered":"<p>Grande PYRITE avec surface cristalline sur h\u00e9matite m\u00e9tallique brillante Un niveau classique de la c\u00e9l\u00e8bre \u00eele min\u00e9rale de la M\u00e9diterran\u00e9e . Trouv\u00e9 \u00e0 Rio _Marinas - \u00eele d'ELBA Poids : 1,60 kilogrammes Dimensions : 14 x 10 x 9 cm La photo 3 est la face inf\u00e9rieure<\/p>","protected":false},"featured_media":1139,"template":"","meta":{"_acf_changed":false},"region":[],"product_brand":[],"product_cat":[15],"product_tag":[],"class_list":{"0":"post-1138","1":"product","2":"type-product","3":"status-publish","4":"has-post-thumbnail","6":"product_cat-mineralien","8":"first","9":"outofstock","10":"sold-individually","11":"product-type-simple"},"acf":[],"_links":{"self":[{"href":"https:\/\/westgem.shop\/fr\/wp-json\/wp\/v2\/product\/1138","targetHints":{"allow":["GET"]}}],"collection":[{"href":"https:\/\/westgem.shop\/fr\/wp-json\/wp\/v2\/product"}],"about":[{"href":"https:\/\/westgem.shop\/fr\/wp-json\/wp\/v2\/types\/product"}],"wp:featuredmedia":[{"embeddable":true,"href":"https:\/\/westgem.shop\/fr\/wp-json\/wp\/v2\/media\/1139"}],"wp:attachment":[{"href":"https:\/\/westgem.shop\/fr\/wp-json\/wp\/v2\/media?parent=1138"}],"wp:term":[{"taxonomy":"region","embeddable":true,"href":"https:\/\/westgem.shop\/fr\/wp-json\/wp\/v2\/region?post=1138"},{"taxonomy":"product_brand","embeddable":true,"href":"https:\/\/westgem.shop\/fr\/wp-json\/wp\/v2\/product_brand?post=1138"},{"taxonomy":"product_cat","embeddable":true,"href":"https:\/\/westgem.shop\/fr\/wp-json\/wp\/v2\/product_cat?post=1138"},{"taxonomy":"product_tag","embeddable":true,"href":"https:\/\/westgem.shop\/fr\/wp-json\/wp\/v2\/product_tag?post=1138"}],"curies":[{"name":"wp","href":"https:\/\/api.w.org\/{rel}","templated":true}]}}