{"id":1142,"date":"2000-08-01T00:00:00","date_gmt":"2000-08-01T00:00:00","guid":{"rendered":"https:\/\/miners.rocks\/product\/278\/"},"modified":"2020-05-19T16:56:50","modified_gmt":"2020-05-19T16:56:50","slug":"vanadinite-xx-baryte-xx","status":"publish","type":"product","link":"https:\/\/westgem.shop\/fr\/produit\/vanadinite-xx-baryte-xx\/","title":{"rendered":"VANADINIT xx - BARYT xx"},"content":{"rendered":"<p>Les marches VANADINIT de Mibladen au Maroc n'ont PAS \u00e9t\u00e9 retrouv\u00e9es depuis des ann\u00e9es.<\/p>\n<p>Les grandes marches comme celle-ci ne sont en fait plus visibles. VANADINIT sur BARYT - un classique. Les cristaux de VANADINIT sont bien form\u00e9s, avec une bonne couleur et un \u00e9clat de diamant.<\/p>\n<p>Poids de la marche : 2,60 kilogrammes Dimensions : 17 x 14 x 8 cm<\/p>","protected":false},"excerpt":{"rendered":"<p>Les marches en VANADINITE de Mibladen au Maroc ne sont plus trouv\u00e9es depuis des ann\u00e9es. Les grandes marches comme celle-ci ne sont en fait plus visibles. VANADINIT sur BARYT - un classique. Les cristaux de VANADINITE sont bien form\u00e9s, avec une bonne couleur et un \u00e9clat de diamant. Poids de la marche : 2,60 kilogrammes Dimensions : 17 x 14 x 8 cm<\/p>","protected":false},"featured_media":1143,"template":"","meta":{"_acf_changed":false},"region":[],"product_brand":[],"product_cat":[15],"product_tag":[],"class_list":{"0":"post-1142","1":"product","2":"type-product","3":"status-publish","4":"has-post-thumbnail","6":"product_cat-mineralien","8":"first","9":"outofstock","10":"sold-individually","11":"product-type-simple"},"acf":[],"_links":{"self":[{"href":"https:\/\/westgem.shop\/fr\/wp-json\/wp\/v2\/product\/1142","targetHints":{"allow":["GET"]}}],"collection":[{"href":"https:\/\/westgem.shop\/fr\/wp-json\/wp\/v2\/product"}],"about":[{"href":"https:\/\/westgem.shop\/fr\/wp-json\/wp\/v2\/types\/product"}],"wp:featuredmedia":[{"embeddable":true,"href":"https:\/\/westgem.shop\/fr\/wp-json\/wp\/v2\/media\/1143"}],"wp:attachment":[{"href":"https:\/\/westgem.shop\/fr\/wp-json\/wp\/v2\/media?parent=1142"}],"wp:term":[{"taxonomy":"region","embeddable":true,"href":"https:\/\/westgem.shop\/fr\/wp-json\/wp\/v2\/region?post=1142"},{"taxonomy":"product_brand","embeddable":true,"href":"https:\/\/westgem.shop\/fr\/wp-json\/wp\/v2\/product_brand?post=1142"},{"taxonomy":"product_cat","embeddable":true,"href":"https:\/\/westgem.shop\/fr\/wp-json\/wp\/v2\/product_cat?post=1142"},{"taxonomy":"product_tag","embeddable":true,"href":"https:\/\/westgem.shop\/fr\/wp-json\/wp\/v2\/product_tag?post=1142"}],"curies":[{"name":"wp","href":"https:\/\/api.w.org\/{rel}","templated":true}]}}