{"id":1146,"date":"2000-08-02T00:00:00","date_gmt":"2000-08-02T00:00:00","guid":{"rendered":"https:\/\/miners.rocks\/product\/279\/"},"modified":"2020-05-19T16:56:51","modified_gmt":"2020-05-19T16:56:51","slug":"ammonite-opalisee-2","status":"publish","type":"product","link":"https:\/\/westgem.shop\/fr\/produit\/ammonite-opalisee-2\/","title":{"rendered":"AMMONITE OPALIS\u00c9E"},"content":{"rendered":"<p>Nous avons re\u00e7u fin novembre 2010 directement de Madagascar par fret a\u00e9rien un lot d'\"AMMONITES opalescentes\". Il n'y a plus que quelques exemplaires disponibles Celui-ci est encore un exemplaire relativement grand, avec un jeu de couleurs de premi\u00e8re classe.<\/p>\n<p>Les AMMONITES sont de l'esp\u00e8ce : LYTHOCERAS et ont plus de 100 millions d'ann\u00e9es. Les fossiles ont \u00e9t\u00e9 d\u00e9couverts \u00e0 Madagascar.<\/p>\n<p>Poids : 270 g Dimensions : 11 x 8 x 2,5 cm<\/p>\n<p>Les couleurs iridescentes des parties opalescentes de l'ammonite sont beaucoup plus intenses dans la nature que sur les photos.<\/p>","protected":false},"excerpt":{"rendered":"<p>Nous avons re\u00e7u fin novembre 2010 directement de Madagascar par fret a\u00e9rien un lot d'\"AMMONITES opalescentes\". Il ne reste que quelques exemplaires disponibles. Celui-ci est encore relativement grand, avec un jeu de couleurs de premi\u00e8re qualit\u00e9. Les AMMONITES sont de l'esp\u00e8ce : LYTHOCERAS et ont plus de 100 millions d'ann\u00e9es. Les fossiles ont \u00e9t\u00e9 d\u00e9couverts \u00e0 Madagascar. Poids : [...]<\/p>","protected":false},"featured_media":1147,"template":"","meta":{"_acf_changed":false},"region":[],"product_brand":[],"product_cat":[15],"product_tag":[],"class_list":{"0":"post-1146","1":"product","2":"type-product","3":"status-publish","4":"has-post-thumbnail","6":"product_cat-mineralien","8":"first","9":"outofstock","10":"sold-individually","11":"product-type-simple"},"acf":[],"_links":{"self":[{"href":"https:\/\/westgem.shop\/fr\/wp-json\/wp\/v2\/product\/1146","targetHints":{"allow":["GET"]}}],"collection":[{"href":"https:\/\/westgem.shop\/fr\/wp-json\/wp\/v2\/product"}],"about":[{"href":"https:\/\/westgem.shop\/fr\/wp-json\/wp\/v2\/types\/product"}],"wp:featuredmedia":[{"embeddable":true,"href":"https:\/\/westgem.shop\/fr\/wp-json\/wp\/v2\/media\/1147"}],"wp:attachment":[{"href":"https:\/\/westgem.shop\/fr\/wp-json\/wp\/v2\/media?parent=1146"}],"wp:term":[{"taxonomy":"region","embeddable":true,"href":"https:\/\/westgem.shop\/fr\/wp-json\/wp\/v2\/region?post=1146"},{"taxonomy":"product_brand","embeddable":true,"href":"https:\/\/westgem.shop\/fr\/wp-json\/wp\/v2\/product_brand?post=1146"},{"taxonomy":"product_cat","embeddable":true,"href":"https:\/\/westgem.shop\/fr\/wp-json\/wp\/v2\/product_cat?post=1146"},{"taxonomy":"product_tag","embeddable":true,"href":"https:\/\/westgem.shop\/fr\/wp-json\/wp\/v2\/product_tag?post=1146"}],"curies":[{"name":"wp","href":"https:\/\/api.w.org\/{rel}","templated":true}]}}