{"id":11463,"date":"2021-12-31T12:04:50","date_gmt":"2021-12-31T12:04:50","guid":{"rendered":"https:\/\/westgem.shop\/?post_type=product&#038;p=11463"},"modified":"2022-06-13T11:42:43","modified_gmt":"2022-06-13T11:42:43","slug":"fluorite-bleue-xx-blanchard-claim-new-mexico","status":"publish","type":"product","link":"https:\/\/westgem.shop\/fr\/produit\/fluorite-bleue-xx-blanchard-claim-new-mexico\/","title":{"rendered":"Fluorites bleues rares - Nouveau Mexique"},"content":{"rendered":"<p><strong>Super niveau de fluorite avec deux cristaux cubiques bleus sur le dessus.<\/strong><\/p>\n<p>Lat\u00e9ralement, une petite fissure avec des xx blancs \u00e0 bleut\u00e9s<\/p>\n<p><strong>Nombreux cristaux de quartz limonis\u00e9s en surface.<\/strong><\/p>\n<p>surface d'appui sci\u00e9e. !<\/p>\n<p>Poids : 378 g Dim. : 7 x 7 x 5 cm<\/p>\n<p>Lieu de la d\u00e9couverte : Blanchard Claim - Comt\u00e9 de Socorro - Nouveau Mexique USA<\/p>\n<p><strong>Depuis plus de 20 ans, il n'y a pratiquement RIEN qui vient de ces sites. ! !<\/strong><\/p>\n<p><strong>PRIX SPECIAL !<\/strong><\/p>","protected":false},"excerpt":{"rendered":"<p>Super niveau de fluorite avec deux cristaux cubiques bleus sur le dessus. Sur le c\u00f4t\u00e9, une petite fissure avec des cristaux de quartz limonis\u00e9s blancs \u00e0 bleus. ! Poids : 378 g Dim. : 7 x 7 x 5 cm Lieu de d\u00e9couverte : Blanchard Claim - Socorro County - New Mexico USA Depuis plus de 20 ans, on trouve dans ces gisements [...].<\/p>","protected":false},"featured_media":19355,"template":"","meta":{"_acf_changed":false},"region":[61],"product_brand":[],"product_cat":[19],"product_tag":[],"class_list":{"0":"post-11463","1":"product","2":"type-product","3":"status-publish","4":"has-post-thumbnail","6":"region-nordamerika","7":"product_cat-kristallstufen","9":"first","10":"instock","11":"sold-individually","12":"taxable","13":"shipping-taxable","14":"purchasable","15":"product-type-simple"},"acf":[],"_links":{"self":[{"href":"https:\/\/westgem.shop\/fr\/wp-json\/wp\/v2\/product\/11463","targetHints":{"allow":["GET"]}}],"collection":[{"href":"https:\/\/westgem.shop\/fr\/wp-json\/wp\/v2\/product"}],"about":[{"href":"https:\/\/westgem.shop\/fr\/wp-json\/wp\/v2\/types\/product"}],"wp:featuredmedia":[{"embeddable":true,"href":"https:\/\/westgem.shop\/fr\/wp-json\/wp\/v2\/media\/19355"}],"wp:attachment":[{"href":"https:\/\/westgem.shop\/fr\/wp-json\/wp\/v2\/media?parent=11463"}],"wp:term":[{"taxonomy":"region","embeddable":true,"href":"https:\/\/westgem.shop\/fr\/wp-json\/wp\/v2\/region?post=11463"},{"taxonomy":"product_brand","embeddable":true,"href":"https:\/\/westgem.shop\/fr\/wp-json\/wp\/v2\/product_brand?post=11463"},{"taxonomy":"product_cat","embeddable":true,"href":"https:\/\/westgem.shop\/fr\/wp-json\/wp\/v2\/product_cat?post=11463"},{"taxonomy":"product_tag","embeddable":true,"href":"https:\/\/westgem.shop\/fr\/wp-json\/wp\/v2\/product_tag?post=11463"}],"curies":[{"name":"wp","href":"https:\/\/api.w.org\/{rel}","templated":true}]}}