{"id":1151,"date":"2000-08-03T00:00:00","date_gmt":"2000-08-03T00:00:00","guid":{"rendered":"https:\/\/miners.rocks\/product\/280\/"},"modified":"2020-05-19T16:56:51","modified_gmt":"2020-05-19T16:56:51","slug":"ammonite-opalisee","status":"publish","type":"product","link":"https:\/\/westgem.shop\/fr\/produit\/ammonite-opalisee\/","title":{"rendered":"AMMONITE - OPALIS\u00c9E"},"content":{"rendered":"<p>Les AMMONITES \u00e9taient des \u00eatres vivants qui vivaient dans les eaux c\u00f4ti\u00e8res.<br \/>\net \u00e9taient tr\u00e8s r\u00e9pandues pendant plus de 100 millions d'ann\u00e9es. Les ammonites sont apparues il y a environ 65 millions d'ann\u00e9es.<br \/>\npour des raisons encore inexpliqu\u00e9es aujourd'hui.<br \/>\nterre a disparu. Les restes fossiles se trouvent \u00e0 diff\u00e9rents endroits, parfois encore tr\u00e8s bien conserv\u00e9s.<br \/>\nLes AMMONITES sont particuli\u00e8rement recherch\u00e9es, leur coquille ext\u00e9rieure \u00e9tant en partie<br \/>\na \u00e9t\u00e9 OPALIS\u00c9.<br \/>\nCette pi\u00e8ce montre de superbes PARTIES OPALANES ROUGES et lumineuses -<br \/>\nbien mieux que sur la photo !<br \/>\nOn le trouve sur l'\u00eele de Madagascar<br \/>\nPoids : 225 grammes<br \/>\nDimensions : diam\u00e8tre 9 cm<\/p>","protected":false},"excerpt":{"rendered":"<p>Les AMMONITES \u00e9taient des \u00eatres vivants qui vivaient dans les eaux c\u00f4ti\u00e8res et qui \u00e9taient tr\u00e8s r\u00e9pandus pendant plus de 100 millions d'ann\u00e9es. Les ammonites ont compl\u00e8tement disparu de la Terre il y a environ 65 millions d'ann\u00e9es, dans des circonstances encore inexpliqu\u00e9es aujourd'hui. Les restes fossiles se trouvent \u00e0 diff\u00e9rents endroits, parfois encore tr\u00e8s bien conserv\u00e9s. En particulier [...]<\/p>","protected":false},"featured_media":1152,"template":"","meta":{"_acf_changed":false},"region":[],"product_brand":[],"product_cat":[15],"product_tag":[],"class_list":{"0":"post-1151","1":"product","2":"type-product","3":"status-publish","4":"has-post-thumbnail","6":"product_cat-mineralien","8":"first","9":"outofstock","10":"sold-individually","11":"product-type-simple"},"acf":[],"_links":{"self":[{"href":"https:\/\/westgem.shop\/fr\/wp-json\/wp\/v2\/product\/1151","targetHints":{"allow":["GET"]}}],"collection":[{"href":"https:\/\/westgem.shop\/fr\/wp-json\/wp\/v2\/product"}],"about":[{"href":"https:\/\/westgem.shop\/fr\/wp-json\/wp\/v2\/types\/product"}],"wp:featuredmedia":[{"embeddable":true,"href":"https:\/\/westgem.shop\/fr\/wp-json\/wp\/v2\/media\/1152"}],"wp:attachment":[{"href":"https:\/\/westgem.shop\/fr\/wp-json\/wp\/v2\/media?parent=1151"}],"wp:term":[{"taxonomy":"region","embeddable":true,"href":"https:\/\/westgem.shop\/fr\/wp-json\/wp\/v2\/region?post=1151"},{"taxonomy":"product_brand","embeddable":true,"href":"https:\/\/westgem.shop\/fr\/wp-json\/wp\/v2\/product_brand?post=1151"},{"taxonomy":"product_cat","embeddable":true,"href":"https:\/\/westgem.shop\/fr\/wp-json\/wp\/v2\/product_cat?post=1151"},{"taxonomy":"product_tag","embeddable":true,"href":"https:\/\/westgem.shop\/fr\/wp-json\/wp\/v2\/product_tag?post=1151"}],"curies":[{"name":"wp","href":"https:\/\/api.w.org\/{rel}","templated":true}]}}