{"id":1155,"date":"2000-08-04T00:00:00","date_gmt":"2000-08-04T00:00:00","guid":{"rendered":"https:\/\/miners.rocks\/product\/281\/"},"modified":"2020-05-19T16:56:52","modified_gmt":"2020-05-19T16:56:52","slug":"calcedoine-pierre-a-feu","status":"publish","type":"product","link":"https:\/\/westgem.shop\/fr\/produit\/calcedoine-pierre-a-feu\/","title":{"rendered":"CHALC\u00c9DOINE - SILEX"},"content":{"rendered":"<p>Depuis peu, ce mat\u00e9riau est propos\u00e9 sous les noms de fantaisie les plus divers. Les plus courants sont le BILDER Jaspis , BILDER ACHAT , IMPERIAL Jaspis , DESERT Jaspis , POLYCHROM JASPER ......<\/p>\n<p>En fait, ce min\u00e9ral est un quartz s\u00e9dimentaire - donc une formation de galets CHALCEDONIENS, que l'on trouve souvent sous forme de nodules.  Depuis l'\u00e2ge de pierre, c'est une mati\u00e8re premi\u00e8re pour les armes et les outils - la PIERRE est tr\u00e8s dure avec des cassures en forme de coquillages tranchants comme des couteaux.<\/p>\n<p>En r\u00e8gle g\u00e9n\u00e9rale, les PIERRES FEU sont de couleur - grise\/blanche \u00e0 bandes, noire ou plus rarement rouge\u00e2tre. Celles-ci sont cependant POLYCHROME, donc MULTICORPS !<\/p>\n<p>Au 17e si\u00e8cle, pour les \u00e9tincelles dans les fusils \u00e0 silex - appel\u00e9s fusils de chasse. D'o\u00f9 le nom anglais : FLINTSTONE.<\/p>\n<p>Poids de la pi\u00e8ce : 2,20 kilogrammes Dimensions : 14 x 13 x 12 cm<\/p>\n<p>La localit\u00e9 est Mahajunga NORD - Madagascar<\/p>\n<p>Ces PIERRES DE FEU sont tr\u00e8s dures et denses et conviennent donc parfaitement au pon\u00e7age et au polissage. !<\/p>\n<p>Autres PIERRES CHALCEDONES - dans la cat\u00e9gorie - PRODUITS PREMIERS NATURELS.<\/p>","protected":false},"excerpt":{"rendered":"<p>Ce mat\u00e9riau est propos\u00e9 depuis peu sous diff\u00e9rents noms de fantaisie. Les plus courants sont JASPIS IMAGES , JASPIS IMAGES ACHAT , JASPIS IMPERIAL , JASPIS DESERT , JASPER POLYCHROME ...... En fait, ce min\u00e9ral est un quartz s\u00e9dimentaire - donc une formation de galets CHALCEDONIENS, que l'on trouve souvent sous forme de nodules. Depuis l'\u00e2ge de pierre, c'est une mati\u00e8re premi\u00e8re pour les armes et les outils [...].<\/p>","protected":false},"featured_media":1156,"template":"","meta":{"_acf_changed":false},"region":[],"product_brand":[],"product_cat":[15],"product_tag":[],"class_list":{"0":"post-1155","1":"product","2":"type-product","3":"status-publish","4":"has-post-thumbnail","6":"product_cat-mineralien","8":"first","9":"outofstock","10":"sold-individually","11":"product-type-simple"},"acf":[],"_links":{"self":[{"href":"https:\/\/westgem.shop\/fr\/wp-json\/wp\/v2\/product\/1155","targetHints":{"allow":["GET"]}}],"collection":[{"href":"https:\/\/westgem.shop\/fr\/wp-json\/wp\/v2\/product"}],"about":[{"href":"https:\/\/westgem.shop\/fr\/wp-json\/wp\/v2\/types\/product"}],"wp:featuredmedia":[{"embeddable":true,"href":"https:\/\/westgem.shop\/fr\/wp-json\/wp\/v2\/media\/1156"}],"wp:attachment":[{"href":"https:\/\/westgem.shop\/fr\/wp-json\/wp\/v2\/media?parent=1155"}],"wp:term":[{"taxonomy":"region","embeddable":true,"href":"https:\/\/westgem.shop\/fr\/wp-json\/wp\/v2\/region?post=1155"},{"taxonomy":"product_brand","embeddable":true,"href":"https:\/\/westgem.shop\/fr\/wp-json\/wp\/v2\/product_brand?post=1155"},{"taxonomy":"product_cat","embeddable":true,"href":"https:\/\/westgem.shop\/fr\/wp-json\/wp\/v2\/product_cat?post=1155"},{"taxonomy":"product_tag","embeddable":true,"href":"https:\/\/westgem.shop\/fr\/wp-json\/wp\/v2\/product_tag?post=1155"}],"curies":[{"name":"wp","href":"https:\/\/api.w.org\/{rel}","templated":true}]}}