{"id":1160,"date":"2000-08-05T00:00:00","date_gmt":"2000-08-05T00:00:00","guid":{"rendered":"https:\/\/miners.rocks\/product\/282\/"},"modified":"2020-05-19T16:56:52","modified_gmt":"2020-05-19T16:56:52","slug":"kascholong-opale","status":"publish","type":"product","link":"https:\/\/westgem.shop\/fr\/produit\/kascholong-opale\/","title":{"rendered":"KASCHOLONG - OPALE"},"content":{"rendered":"<p>\n\tParmi les 'OPALES, on distingue g\u00e9n\u00e9ralement les EDELOPALES iridescents, les OPALES FEURO rouges orang\u00e9s et les OPALES COMMUNS opaques, rarement translucides.<\/p>\n<p>\n\tUne vari\u00e9t\u00e9 rare est KASCHOLONG OPAL .<\/p>\n<p>\n\tIl est \u00e9galement appel\u00e9 OPAL DE PORCELAINE en raison de sa couleur blanche exceptionnelle.<\/p>\n<p>\n\tCette pi\u00e8ce est d'ailleurs aussi une POLICE de premi\u00e8re qualit\u00e9 qui, lorsqu'elle est polie, pr\u00e9sente un superbe \"\u00e9clat nacr\u00e9\".<\/p>\n<p>\n\tCette pi\u00e8ce brute est en fait tr\u00e8s rare \u00e0 obtenir et provient des gisements de l'URAL en Russie.<\/p>\n<p>\n\tPoids : 810 grammes(0,8 kg) Dimensions : 13 x 9 x 6,5 cm<\/p>\n<p>><\/p>","protected":false},"excerpt":{"rendered":"<p>Parmi les 'OPALES, on distingue g\u00e9n\u00e9ralement les EDELOPALE iridescents, les FEUEROPALE rouge orang\u00e9 et les OPALE COMMUNS opaques, rarement translucides. L'OPAL KASCHOLONG en est une vari\u00e9t\u00e9 rare. Il est \u00e9galement appel\u00e9 OPAL PORCELAIRE en raison de sa couleur blanche exceptionnelle. Cette pi\u00e8ce est d'ailleurs un ARTICLE POLI de premi\u00e8re qualit\u00e9 qui, lorsqu'il est poli, donne [...].<\/p>","protected":false},"featured_media":1161,"template":"","meta":{"_acf_changed":false},"region":[],"product_brand":[],"product_cat":[15],"product_tag":[],"class_list":{"0":"post-1160","1":"product","2":"type-product","3":"status-publish","4":"has-post-thumbnail","6":"product_cat-mineralien","8":"first","9":"outofstock","10":"sold-individually","11":"product-type-simple"},"acf":[],"_links":{"self":[{"href":"https:\/\/westgem.shop\/fr\/wp-json\/wp\/v2\/product\/1160","targetHints":{"allow":["GET"]}}],"collection":[{"href":"https:\/\/westgem.shop\/fr\/wp-json\/wp\/v2\/product"}],"about":[{"href":"https:\/\/westgem.shop\/fr\/wp-json\/wp\/v2\/types\/product"}],"wp:featuredmedia":[{"embeddable":true,"href":"https:\/\/westgem.shop\/fr\/wp-json\/wp\/v2\/media\/1161"}],"wp:attachment":[{"href":"https:\/\/westgem.shop\/fr\/wp-json\/wp\/v2\/media?parent=1160"}],"wp:term":[{"taxonomy":"region","embeddable":true,"href":"https:\/\/westgem.shop\/fr\/wp-json\/wp\/v2\/region?post=1160"},{"taxonomy":"product_brand","embeddable":true,"href":"https:\/\/westgem.shop\/fr\/wp-json\/wp\/v2\/product_brand?post=1160"},{"taxonomy":"product_cat","embeddable":true,"href":"https:\/\/westgem.shop\/fr\/wp-json\/wp\/v2\/product_cat?post=1160"},{"taxonomy":"product_tag","embeddable":true,"href":"https:\/\/westgem.shop\/fr\/wp-json\/wp\/v2\/product_tag?post=1160"}],"curies":[{"name":"wp","href":"https:\/\/api.w.org\/{rel}","templated":true}]}}