{"id":11615,"date":"2021-12-31T07:49:28","date_gmt":"2021-12-31T07:49:28","guid":{"rendered":"https:\/\/westgem.shop\/?post_type=product&#038;p=11615"},"modified":"2022-06-29T09:29:22","modified_gmt":"2022-06-29T09:29:22","slug":"marbre-picasso-3-pierres-brutes","status":"publish","type":"product","link":"https:\/\/westgem.shop\/fr\/produit\/marbre-picasso-3-pierres-brutes\/","title":{"rendered":"Marbre Picasso"},"content":{"rendered":"<p>Super mat\u00e9riel pour le pon\u00e7age et le polissage.<\/p>\n<p>&nbsp;<\/p>\n<p><strong>\u00a0Calcaire m\u00e9tamorphique\u00a0<\/strong><\/p>\n<p><strong>Lignes et motifs abstraits d'oxydes de fer - d'o\u00f9 le nom de \" marbre Picasso \".<\/strong><\/p>\n<p>&nbsp;<\/p>\n<p><strong>localisation de la trouvaille : Mineral Mountains - Beaver Co. - Utah - USA<\/strong><\/p>\n<p>&nbsp;<\/p>\n<p>Poids total : 984<\/p>\n<p><strong>3 pi\u00e8ces avec les dimensions suivantes<\/strong><\/p>\n<p>11 x 9 x 2,5 cm<\/p>\n<p>14,5 x 8 x 2,5 cm<\/p>\n<p>10,5 x 9 x 2,5 cm<\/p>\n<p>Toutes les surfaces sci\u00e9es \u00e0 l'avant<\/p>\n<p>&nbsp;<\/p>\n<p><strong>Vous recevrez exactement ces 3 pi\u00e8ces, comme illustr\u00e9 ! !<\/strong><\/p>","protected":false},"excerpt":{"rendered":"<p>Super mat\u00e9riau pour le pon\u00e7age et le polissage.    Calcaire m\u00e9tamorphique Lignes et motifs abstraits d'oxydes de fer - d'o\u00f9 le nom de \" marbre de Picasso \" Lieu de d\u00e9couverte : Mineral Mountains - Beaver County - Utah - USA Poids total : 984 3 pi\u00e8ces aux dimensions suivantes 11 x 9 x 2,5 cm 14,5 x 8 [...]<\/p>","protected":false},"featured_media":11579,"template":"","meta":{"_acf_changed":false},"region":[61],"product_brand":[],"product_cat":[18],"product_tag":[],"class_list":{"0":"post-11615","1":"product","2":"type-product","3":"status-publish","4":"has-post-thumbnail","6":"region-nordamerika","7":"product_cat-geschliffene-einzelstucke","9":"first","10":"outofstock","11":"sold-individually","12":"taxable","13":"shipping-taxable","14":"purchasable","15":"product-type-simple"},"acf":[],"_links":{"self":[{"href":"https:\/\/westgem.shop\/fr\/wp-json\/wp\/v2\/product\/11615","targetHints":{"allow":["GET"]}}],"collection":[{"href":"https:\/\/westgem.shop\/fr\/wp-json\/wp\/v2\/product"}],"about":[{"href":"https:\/\/westgem.shop\/fr\/wp-json\/wp\/v2\/types\/product"}],"wp:featuredmedia":[{"embeddable":true,"href":"https:\/\/westgem.shop\/fr\/wp-json\/wp\/v2\/media\/11579"}],"wp:attachment":[{"href":"https:\/\/westgem.shop\/fr\/wp-json\/wp\/v2\/media?parent=11615"}],"wp:term":[{"taxonomy":"region","embeddable":true,"href":"https:\/\/westgem.shop\/fr\/wp-json\/wp\/v2\/region?post=11615"},{"taxonomy":"product_brand","embeddable":true,"href":"https:\/\/westgem.shop\/fr\/wp-json\/wp\/v2\/product_brand?post=11615"},{"taxonomy":"product_cat","embeddable":true,"href":"https:\/\/westgem.shop\/fr\/wp-json\/wp\/v2\/product_cat?post=11615"},{"taxonomy":"product_tag","embeddable":true,"href":"https:\/\/westgem.shop\/fr\/wp-json\/wp\/v2\/product_tag?post=11615"}],"curies":[{"name":"wp","href":"https:\/\/api.w.org\/{rel}","templated":true}]}}