{"id":11616,"date":"2021-08-03T08:17:00","date_gmt":"2021-08-03T08:17:00","guid":{"rendered":"https:\/\/westgem.shop\/?post_type=product&#038;p=11616"},"modified":"2021-09-06T15:41:32","modified_gmt":"2021-09-06T15:41:32","slug":"top-deko-pierre-brute-mookait-xxl","status":"publish","type":"product","link":"https:\/\/westgem.shop\/fr\/produit\/top-deko-pierre-brute-mookait-xxl\/","title":{"rendered":"D\u00e9coration MOOKAIT pierre brute XXL"},"content":{"rendered":"<p>Unique - Multicolore<\/p>\n<p><strong>Unique site au monde<\/strong> : Mooka Creek - Kennedy Ranges - Cascoyne Junction - Australie occidentale<\/p>\n<p>Min\u00e9ralogiquement, une combinaison de<strong> Calcaire - opalite et calc\u00e9doine\u00a0<\/strong>dans des proportions variables.<\/p>\n<p>L'\u00e2ge est estim\u00e9 \u00e0 plus d'un milliard d'ann\u00e9es<\/p>\n<p>La taille et la couleur particuli\u00e8res de cette pierre brute en font un accroche-regard parfait.<\/p>\n<p>Il existe peu de grandes pi\u00e8ces aux couleurs aussi intenses.<\/p>\n<p>Poids sup\u00e9rieur \u00e0 4 kilogrammes<\/p>\n<p>Dim : 21 x 16 x 10 cm<\/p>","protected":false},"excerpt":{"rendered":"<p>Unique - Multicolore Unique site au monde : Mooka Creek - Kennedy Ranges - Cascoyne Junction - West Australia Min\u00e9ralogiquement, une combinaison de chert - opalite et calc\u00e9doine en proportions variables. L'\u00e2ge est estim\u00e9 \u00e0 plus d'un milliard d'ann\u00e9es La taille et la couleur particuli\u00e8res font de cette pierre brute un parfait accroche-regard Il n'existe que peu de grandes pi\u00e8ces [...].<\/p>","protected":false},"featured_media":11597,"template":"","meta":{"_acf_changed":false},"region":[56],"product_brand":[],"product_cat":[16],"product_tag":[],"class_list":{"0":"post-11616","1":"product","2":"type-product","3":"status-publish","4":"has-post-thumbnail","6":"region-australien","7":"product_cat-rohsteine","9":"first","10":"instock","11":"sold-individually","12":"taxable","13":"shipping-taxable","14":"purchasable","15":"product-type-simple"},"acf":[],"_links":{"self":[{"href":"https:\/\/westgem.shop\/fr\/wp-json\/wp\/v2\/product\/11616","targetHints":{"allow":["GET"]}}],"collection":[{"href":"https:\/\/westgem.shop\/fr\/wp-json\/wp\/v2\/product"}],"about":[{"href":"https:\/\/westgem.shop\/fr\/wp-json\/wp\/v2\/types\/product"}],"wp:featuredmedia":[{"embeddable":true,"href":"https:\/\/westgem.shop\/fr\/wp-json\/wp\/v2\/media\/11597"}],"wp:attachment":[{"href":"https:\/\/westgem.shop\/fr\/wp-json\/wp\/v2\/media?parent=11616"}],"wp:term":[{"taxonomy":"region","embeddable":true,"href":"https:\/\/westgem.shop\/fr\/wp-json\/wp\/v2\/region?post=11616"},{"taxonomy":"product_brand","embeddable":true,"href":"https:\/\/westgem.shop\/fr\/wp-json\/wp\/v2\/product_brand?post=11616"},{"taxonomy":"product_cat","embeddable":true,"href":"https:\/\/westgem.shop\/fr\/wp-json\/wp\/v2\/product_cat?post=11616"},{"taxonomy":"product_tag","embeddable":true,"href":"https:\/\/westgem.shop\/fr\/wp-json\/wp\/v2\/product_tag?post=11616"}],"curies":[{"name":"wp","href":"https:\/\/api.w.org\/{rel}","templated":true}]}}