{"id":1165,"date":"2011-08-06T00:00:00","date_gmt":"2011-08-06T00:00:00","guid":{"rendered":"https:\/\/miners.rocks\/product\/283\/"},"modified":"2024-02-03T07:44:39","modified_gmt":"2024-02-03T07:44:39","slug":"cristal-de-roche-de-haute-montagne-xx","status":"publish","type":"product","link":"https:\/\/westgem.shop\/fr\/produit\/cristal-de-roche-de-haute-montagne-xx\/","title":{"rendered":"CRISTAL DE MONTAGNE xx Hohe Tauern\/Carinthie"},"content":{"rendered":"<p>Les marches de cristal de roche des hautes Alpes sont des min\u00e9raux tr\u00e8s recherch\u00e9s par les collectionneurs, car on ne trouve pratiquement plus de nouvelles pi\u00e8ces. Les cristaux de roche sont propos\u00e9s sur le march\u00e9 en provenance de toutes les r\u00e9gions du monde - mais ALPIN n'est pas la marchandise de masse du Br\u00e9sil, c'est quelque chose de tr\u00e8s PARTICULIER.<\/p>\n<p>Ce niveau cristallin provient des HAUTES TAURES , plus pr\u00e9cis\u00e9ment du GOLDZECHKOPF et a \u00e9t\u00e9 extrait d'une faille dans les ann\u00e9es 70.<\/p>\n<p>Cette r\u00e9gion est aujourd'hui un PARC NATIONAL HOHE TAUERN - ZONE CERNIQUE - ce qui signifie que la recherche de min\u00e9raux est INTERDITE !<\/p>\n<p>Lieu de d\u00e9couverte : Goldzechkopf (3.042 m) - Hohe Tauern - Carinthie - Autriche<\/p>\n<p>Cette \u00e9tape : Poids : <strong>1,2 kilogramme <\/strong><\/p>\n<p>Dimensions : 18 x 12 x 10 cm<\/p>\n<p>Toutes les faces des cristaux sont intactes, seul le grand cristal a une cicatrice sur le c\u00f4t\u00e9. Dans l'ensemble, clair, brillant et attrayant.<\/p>","protected":false},"excerpt":{"rendered":"<p>Les marches de cristal de roche des hautes Alpes sont des min\u00e9raux tr\u00e8s recherch\u00e9s par les collectionneurs, car on ne trouve pratiquement plus de nouvelles pi\u00e8ces. Les cristaux de roche sont propos\u00e9s sur le march\u00e9 depuis toutes les r\u00e9gions du monde - mais l'ALPIN n'est pas une marchandise de masse du Br\u00e9sil, c'est quelque chose de tr\u00e8s PARTICULIER. Ce niveau de cristal provient des HAUTES TAURES , plus pr\u00e9cis\u00e9ment du GOLDZECHKOPF et a \u00e9t\u00e9 extrait dans les ann\u00e9es 70 d'une [...].<\/p>","protected":false},"featured_media":1166,"template":"","meta":{"_acf_changed":false},"region":[59],"product_brand":[],"product_cat":[22,19],"product_tag":[],"class_list":{"0":"post-1165","1":"product","2":"type-product","3":"status-publish","4":"has-post-thumbnail","6":"region-oesterreich","7":"product_cat-allgemein","8":"product_cat-kristallstufen","10":"first","11":"outofstock","12":"sold-individually","13":"product-type-simple"},"acf":[],"_links":{"self":[{"href":"https:\/\/westgem.shop\/fr\/wp-json\/wp\/v2\/product\/1165","targetHints":{"allow":["GET"]}}],"collection":[{"href":"https:\/\/westgem.shop\/fr\/wp-json\/wp\/v2\/product"}],"about":[{"href":"https:\/\/westgem.shop\/fr\/wp-json\/wp\/v2\/types\/product"}],"wp:featuredmedia":[{"embeddable":true,"href":"https:\/\/westgem.shop\/fr\/wp-json\/wp\/v2\/media\/1166"}],"wp:attachment":[{"href":"https:\/\/westgem.shop\/fr\/wp-json\/wp\/v2\/media?parent=1165"}],"wp:term":[{"taxonomy":"region","embeddable":true,"href":"https:\/\/westgem.shop\/fr\/wp-json\/wp\/v2\/region?post=1165"},{"taxonomy":"product_brand","embeddable":true,"href":"https:\/\/westgem.shop\/fr\/wp-json\/wp\/v2\/product_brand?post=1165"},{"taxonomy":"product_cat","embeddable":true,"href":"https:\/\/westgem.shop\/fr\/wp-json\/wp\/v2\/product_cat?post=1165"},{"taxonomy":"product_tag","embeddable":true,"href":"https:\/\/westgem.shop\/fr\/wp-json\/wp\/v2\/product_tag?post=1165"}],"curies":[{"name":"wp","href":"https:\/\/api.w.org\/{rel}","templated":true}]}}