{"id":11661,"date":"2022-07-18T11:14:14","date_gmt":"2022-07-18T11:14:14","guid":{"rendered":"https:\/\/westgem.shop\/?post_type=product&#038;p=11661"},"modified":"2025-01-16T21:19:05","modified_gmt":"2025-01-16T21:19:05","slug":"wulfenit-xx-bleiberg-localite-type-2","status":"publish","type":"product","link":"https:\/\/westgem.shop\/fr\/produit\/wulfenit-xx-bleiberg-localite-type-2\/","title":{"rendered":"Wulfenit xx - Montagne de plomb\/Carinthie"},"content":{"rendered":"<p><strong>TOP RARITE : Wulf\u00e9nite sur calcaire de m\u00e9t\u00e9orite<\/strong><\/p>\n<p>Cet \u00e9chantillon exceptionnel de <strong>Wulfenit<\/strong> sur calcaire de Wetterstein est une v\u00e9ritable raret\u00e9, surtout dans cette taille impressionnante. De tels sp\u00e9cimens sont <strong>extr\u00eamement difficile \u00e0 trouver<\/strong>La plupart de ces objets sont en acier inoxydable, ce qui en fait un objet tr\u00e8s recherch\u00e9 par les collectionneurs et les connaisseurs.<\/p>\n<p>Origine : <strong>Bleiberger Erzberg, Carinthie, Autriche<\/strong>. Le Bleiberger Erzberg est c\u00e9l\u00e8bre pour son exploitation de plomb et de zinc, qui remonte au 14e si\u00e8cle. Pendant des si\u00e8cles, on y a travaill\u00e9 p\u00e9niblement \u00e0 la main dans quelque 1200 galeries et puits sur une longueur totale d'environ 1 300 kilom\u00e8tres. Cette r\u00e9gion mini\u00e8re historique est \u00e9galement le lieu type de la wulf\u00e9nite, ce qui signifie que c'est ici que le min\u00e9ral a \u00e9t\u00e9 d\u00e9couvert et d\u00e9crit pour la premi\u00e8re fois.<\/p>\n<p>La wulf\u00e9nite, d\u00e9couverte \u00e0 l'origine en 1785 dans les couches d'oxydation des gisements de plomb, a d'abord \u00e9t\u00e9 appel\u00e9e \"K\u00e4rntner Bleyspath\". Plus tard, on a rendu hommage \u00e0 Franz Freiherr von Wulfen en donnant son nom au min\u00e9ral. La caract\u00e9ristique <strong>couleur jaune miel<\/strong> de cette wulf\u00e9nite est typique des d\u00e9couvertes de Bleiberg et conf\u00e8re au min\u00e9ral un attrait esth\u00e9tique particulier.<\/p>\n<p>Lieu de d\u00e9couverte : <strong>Grube Stefanie, Bleiberg\/Kreuth, Carinthie, Autriche<\/strong><\/p>\n<p><strong>D\u00e9tails techniques :<\/strong><\/p>\n<ul>\n<li>poids : 470 g<\/li>\n<li>Dimensions : 17 x 12 x 7 cm<\/li>\n<\/ul>\n<p><strong>Informations min\u00e9ralogiques :<\/strong><\/p>\n<ul>\n<li>Formule chimique : Pb(MoO4)<\/li>\n<li>Classe de min\u00e9raux : plomb-molybd\u00e8ne<\/li>\n<\/ul>\n<p><strong>Signification et utilisation :<\/strong> La wulf\u00e9nite ne joue pas seulement un r\u00f4le important en tant qu'objet de collection, elle a \u00e9galement sa place dans l'enseignement m\u00e9taphysique. On lui attribue <strong>des caract\u00e9ristiques telles que la promotion de la cr\u00e9ativit\u00e9 et l'aide \u00e0 la recherche de solutions<\/strong> est attribu\u00e9e \u00e0 la pierre. Bien que la wulf\u00e9nite ne soit pas directement associ\u00e9e \u00e0 un signe du zodiaque, sa couleur ensoleill\u00e9e et ses qualit\u00e9s \u00e9nerg\u00e9tiques peuvent \u00eatre particuli\u00e8rement inspirantes pour les personnes qui aspirent \u00e0 une croissance spirituelle.<\/p>\n<p><strong>Offre sp\u00e9ciale :<\/strong> Cette pi\u00e8ce spectaculaire n'est pas seulement un morceau d'histoire de la Terre, mais aussi une \u0153uvre d'art de la nature. Il offre une rare opportunit\u00e9 de faire le lien avec les activit\u00e9s mini\u00e8res historiques de la Carinthie et les beaut\u00e9s naturelles cach\u00e9es au plus profond de la terre. Un site <strong>SUPER PRIX<\/strong> pour une pi\u00e8ce d'une qualit\u00e9 et d'une raret\u00e9 aussi exceptionnelles !<\/p>\n<p>Saisissez l'occasion d'ajouter ce min\u00e9ral unique \u00e0 votre collection et de poss\u00e9der un morceau d'histoire mini\u00e8re et d'art naturel.<\/p>","protected":false},"excerpt":{"rendered":"<p>TOP RARIT\u00c9 : Wulf\u00e9nite sur calcaire de Wetterstein Cet \u00e9chantillon exceptionnel de wulf\u00e9nite sur calcaire de Wetterstein est une v\u00e9ritable raret\u00e9, surtout dans cette taille impressionnante. De tels sp\u00e9cimens sont extr\u00eamement difficiles \u00e0 trouver, ce qui en fait un objet tr\u00e8s recherch\u00e9 par les collectionneurs et les connaisseurs. Origine : Bleiberger Erzberg, Carinthie, Autriche. Le Bleiberger Erzberg est c\u00e9l\u00e8bre pour son exploitation de plomb et de zinc, [...].<\/p>","protected":false},"featured_media":11619,"template":"","meta":{"_acf_changed":false},"region":[59],"product_brand":[],"product_cat":[19],"product_tag":[],"class_list":{"0":"post-11661","1":"product","2":"type-product","3":"status-publish","4":"has-post-thumbnail","6":"region-oesterreich","7":"product_cat-kristallstufen","9":"first","10":"outofstock","11":"sold-individually","12":"taxable","13":"shipping-taxable","14":"purchasable","15":"product-type-simple"},"acf":[],"_links":{"self":[{"href":"https:\/\/westgem.shop\/fr\/wp-json\/wp\/v2\/product\/11661","targetHints":{"allow":["GET"]}}],"collection":[{"href":"https:\/\/westgem.shop\/fr\/wp-json\/wp\/v2\/product"}],"about":[{"href":"https:\/\/westgem.shop\/fr\/wp-json\/wp\/v2\/types\/product"}],"wp:featuredmedia":[{"embeddable":true,"href":"https:\/\/westgem.shop\/fr\/wp-json\/wp\/v2\/media\/11619"}],"wp:attachment":[{"href":"https:\/\/westgem.shop\/fr\/wp-json\/wp\/v2\/media?parent=11661"}],"wp:term":[{"taxonomy":"region","embeddable":true,"href":"https:\/\/westgem.shop\/fr\/wp-json\/wp\/v2\/region?post=11661"},{"taxonomy":"product_brand","embeddable":true,"href":"https:\/\/westgem.shop\/fr\/wp-json\/wp\/v2\/product_brand?post=11661"},{"taxonomy":"product_cat","embeddable":true,"href":"https:\/\/westgem.shop\/fr\/wp-json\/wp\/v2\/product_cat?post=11661"},{"taxonomy":"product_tag","embeddable":true,"href":"https:\/\/westgem.shop\/fr\/wp-json\/wp\/v2\/product_tag?post=11661"}],"curies":[{"name":"wp","href":"https:\/\/api.w.org\/{rel}","templated":true}]}}