{"id":1171,"date":"2000-08-07T00:00:00","date_gmt":"2000-08-07T00:00:00","guid":{"rendered":"https:\/\/miners.rocks\/product\/284\/"},"modified":"2020-05-19T16:56:53","modified_gmt":"2020-05-19T16:56:53","slug":"dendrites-calcites-2","status":"publish","type":"product","link":"https:\/\/westgem.shop\/fr\/produit\/dendrites-calcites-2\/","title":{"rendered":"Dendrites - CALCIT"},"content":{"rendered":"<p>Int\u00e9ressante pi\u00e8ce brute d'une CALCITE dans laquelle des dendrites ont pouss\u00e9 en forme de \"petits arbres\".<\/p>\n<p>Il n'est pas tr\u00e8s courant de trouver de telles pi\u00e8ces sur le march\u00e9.<\/p>\n<p>Trouv\u00e9 \u00e0 Midelt - Afrique du Nord<\/p>\n<p>Poids : 275 g Dimensions : 10 x 6 x 5 cm<\/p>","protected":false},"excerpt":{"rendered":"<p>Pi\u00e8ce brute int\u00e9ressante d'une CALCITE dans laquelle des dendrites en forme de \"petits arbres\" ont pouss\u00e9. De telles pi\u00e8ces ne sont pas tr\u00e8s fr\u00e9quentes sur le march\u00e9. Lieu de d\u00e9couverte : Midelt - Afrique du Nord Poids : 275 g Dimensions : 10 x 6 x 5 cm<\/p>","protected":false},"featured_media":1172,"template":"","meta":{"_acf_changed":false},"region":[],"product_brand":[],"product_cat":[15],"product_tag":[],"class_list":{"0":"post-1171","1":"product","2":"type-product","3":"status-publish","4":"has-post-thumbnail","6":"product_cat-mineralien","8":"first","9":"outofstock","10":"sold-individually","11":"product-type-simple"},"acf":[],"_links":{"self":[{"href":"https:\/\/westgem.shop\/fr\/wp-json\/wp\/v2\/product\/1171","targetHints":{"allow":["GET"]}}],"collection":[{"href":"https:\/\/westgem.shop\/fr\/wp-json\/wp\/v2\/product"}],"about":[{"href":"https:\/\/westgem.shop\/fr\/wp-json\/wp\/v2\/types\/product"}],"wp:featuredmedia":[{"embeddable":true,"href":"https:\/\/westgem.shop\/fr\/wp-json\/wp\/v2\/media\/1172"}],"wp:attachment":[{"href":"https:\/\/westgem.shop\/fr\/wp-json\/wp\/v2\/media?parent=1171"}],"wp:term":[{"taxonomy":"region","embeddable":true,"href":"https:\/\/westgem.shop\/fr\/wp-json\/wp\/v2\/region?post=1171"},{"taxonomy":"product_brand","embeddable":true,"href":"https:\/\/westgem.shop\/fr\/wp-json\/wp\/v2\/product_brand?post=1171"},{"taxonomy":"product_cat","embeddable":true,"href":"https:\/\/westgem.shop\/fr\/wp-json\/wp\/v2\/product_cat?post=1171"},{"taxonomy":"product_tag","embeddable":true,"href":"https:\/\/westgem.shop\/fr\/wp-json\/wp\/v2\/product_tag?post=1171"}],"curies":[{"name":"wp","href":"https:\/\/api.w.org\/{rel}","templated":true}]}}