{"id":1175,"date":"2000-08-08T00:00:00","date_gmt":"2000-08-08T00:00:00","guid":{"rendered":"https:\/\/miners.rocks\/product\/285\/"},"modified":"2020-05-19T16:56:54","modified_gmt":"2020-05-19T16:56:54","slug":"titea-singularis-renforce-fougere-arborescente","status":"publish","type":"product","link":"https:\/\/westgem.shop\/fr\/produit\/titea-singularis-renforce-fougere-arborescente\/","title":{"rendered":"Titea Singularis - Verst. FEUILLE D'ARBRE"},"content":{"rendered":"<p>Description pr\u00e9cise \u00e0 l'art. VH - 003<\/p>\n<p>Cet exemplaire<\/p>\n<p>Poids : 530 g ( 0,53 kg) Dimensions : 11 x 10 x 2,5 cm<\/p>\n<p>Magnifique avec une \u00e9corce enti\u00e8rement pr\u00e9serv\u00e9e.<\/p>","protected":false},"excerpt":{"rendered":"<p>Description pr\u00e9cise sous art. VH - 003 Cet exemplaire Poids : 530 g ( 0,53 kg) Dimensions : 11 x 10 x 2,5 cm Magnifique avec \u00e9corce enti\u00e8rement conserv\u00e9e.<\/p>","protected":false},"featured_media":1176,"template":"","meta":{"_acf_changed":false},"region":[],"product_brand":[],"product_cat":[15],"product_tag":[],"class_list":{"0":"post-1175","1":"product","2":"type-product","3":"status-publish","4":"has-post-thumbnail","6":"product_cat-mineralien","8":"first","9":"outofstock","10":"sold-individually","11":"product-type-simple"},"acf":[],"_links":{"self":[{"href":"https:\/\/westgem.shop\/fr\/wp-json\/wp\/v2\/product\/1175","targetHints":{"allow":["GET"]}}],"collection":[{"href":"https:\/\/westgem.shop\/fr\/wp-json\/wp\/v2\/product"}],"about":[{"href":"https:\/\/westgem.shop\/fr\/wp-json\/wp\/v2\/types\/product"}],"wp:featuredmedia":[{"embeddable":true,"href":"https:\/\/westgem.shop\/fr\/wp-json\/wp\/v2\/media\/1176"}],"wp:attachment":[{"href":"https:\/\/westgem.shop\/fr\/wp-json\/wp\/v2\/media?parent=1175"}],"wp:term":[{"taxonomy":"region","embeddable":true,"href":"https:\/\/westgem.shop\/fr\/wp-json\/wp\/v2\/region?post=1175"},{"taxonomy":"product_brand","embeddable":true,"href":"https:\/\/westgem.shop\/fr\/wp-json\/wp\/v2\/product_brand?post=1175"},{"taxonomy":"product_cat","embeddable":true,"href":"https:\/\/westgem.shop\/fr\/wp-json\/wp\/v2\/product_cat?post=1175"},{"taxonomy":"product_tag","embeddable":true,"href":"https:\/\/westgem.shop\/fr\/wp-json\/wp\/v2\/product_tag?post=1175"}],"curies":[{"name":"wp","href":"https:\/\/api.w.org\/{rel}","templated":true}]}}