{"id":11799,"date":"2021-12-29T11:56:09","date_gmt":"2021-12-29T11:56:09","guid":{"rendered":"https:\/\/westgem.shop\/?post_type=product&#038;p=11799"},"modified":"2022-04-18T08:26:23","modified_gmt":"2022-04-18T08:26:23","slug":"calcedoine-oceanique","status":"publish","type":"product","link":"https:\/\/westgem.shop\/fr\/produit\/calcedoine-oceanique\/","title":{"rendered":"\" Ocean Jaspis \""},"content":{"rendered":"<p>Dans le commerce, ce mat\u00e9riau \u00e9tait appel\u00e9 <strong>\"Ocean Jaspis \"<\/strong> est propos\u00e9.<\/p>\n<p>D'un point de vue min\u00e9ralogique, le terme correct serait toutefois : <strong>Calc\u00e9doine avec sph\u00e9rolithes.<\/strong><\/p>\n<p><strong>La station de ces vari\u00e9t\u00e9s est \u00e9puis\u00e9e depuis longtemps.<\/strong><\/p>\n<p><strong>Le nouveau mat\u00e9riel provenant de cette r\u00e9gion est maintenant plut\u00f4t du jaspe, donc grossier et opaque, et les sph\u00e9rolithes typiques sont \u00e0 peine visibles, voire absents.<\/strong><\/p>\n<p><strong>Cette plaque exceptionnellement grande date de l'ann\u00e9e 2000. Elle a \u00e9t\u00e9 polie des deux c\u00f4t\u00e9s \u00e0 Idar-Oberstein et est d\u00e9j\u00e0 extr\u00eamement difficile \u00e0 obtenir dans cette qualit\u00e9.<\/strong><\/p>\n<p>Dim<strong>32 x 11 x 0,6 cm<\/strong><\/p>\n<p>Poids : 436 g<\/p>","protected":false},"excerpt":{"rendered":"<p>Dans le commerce, ce mat\u00e9riau \u00e9tait propos\u00e9 comme \"Ocean Jaspis\". La min\u00e9ralogie correcte serait plut\u00f4t : calc\u00e9doine avec sph\u00e9rolites. Le gisement de ces vari\u00e9t\u00e9s est \u00e9puis\u00e9 depuis longtemps. Le nouveau mat\u00e9riel provenant de cette r\u00e9gion est maintenant plut\u00f4t du jaspe, c'est-\u00e0-dire grossier et opaque, et les sph\u00e9rolites typiques sont \u00e0 peine visibles, voire absentes. Cette plaque exceptionnellement grande [...].<\/p>","protected":false},"featured_media":11852,"template":"","meta":{"_acf_changed":false},"region":[62],"product_brand":[],"product_cat":[18],"product_tag":[],"class_list":{"0":"post-11799","1":"product","2":"type-product","3":"status-publish","4":"has-post-thumbnail","6":"region-afrika","7":"product_cat-geschliffene-einzelstucke","9":"first","10":"outofstock","11":"sold-individually","12":"taxable","13":"shipping-taxable","14":"purchasable","15":"product-type-simple"},"acf":[],"_links":{"self":[{"href":"https:\/\/westgem.shop\/fr\/wp-json\/wp\/v2\/product\/11799","targetHints":{"allow":["GET"]}}],"collection":[{"href":"https:\/\/westgem.shop\/fr\/wp-json\/wp\/v2\/product"}],"about":[{"href":"https:\/\/westgem.shop\/fr\/wp-json\/wp\/v2\/types\/product"}],"wp:featuredmedia":[{"embeddable":true,"href":"https:\/\/westgem.shop\/fr\/wp-json\/wp\/v2\/media\/11852"}],"wp:attachment":[{"href":"https:\/\/westgem.shop\/fr\/wp-json\/wp\/v2\/media?parent=11799"}],"wp:term":[{"taxonomy":"region","embeddable":true,"href":"https:\/\/westgem.shop\/fr\/wp-json\/wp\/v2\/region?post=11799"},{"taxonomy":"product_brand","embeddable":true,"href":"https:\/\/westgem.shop\/fr\/wp-json\/wp\/v2\/product_brand?post=11799"},{"taxonomy":"product_cat","embeddable":true,"href":"https:\/\/westgem.shop\/fr\/wp-json\/wp\/v2\/product_cat?post=11799"},{"taxonomy":"product_tag","embeddable":true,"href":"https:\/\/westgem.shop\/fr\/wp-json\/wp\/v2\/product_tag?post=11799"}],"curies":[{"name":"wp","href":"https:\/\/api.w.org\/{rel}","templated":true}]}}