{"id":1183,"date":"2000-08-10T00:00:00","date_gmt":"2000-08-10T00:00:00","guid":{"rendered":"https:\/\/miners.rocks\/product\/287\/"},"modified":"2020-05-19T16:56:55","modified_gmt":"2020-05-19T16:56:55","slug":"bois-petrifie-titea-singularis","status":"publish","type":"product","link":"https:\/\/westgem.shop\/fr\/produit\/bois-petrifie-titea-singularis\/","title":{"rendered":"BOIS P\u00e9trifi\u00e9 - Titea Singularis"},"content":{"rendered":"<p>Magnifique pi\u00e8ce - polie d'un c\u00f4t\u00e9, compl\u00e8te avec \u00e9corce !<\/p>\n<p>Description des foug\u00e8res \u00e0 l'art. VH - 003<\/p>\n<p>Poids : 0,63 kilogramme Dimensions : 12 x 11 x 3,5 cm<\/p>","protected":false},"excerpt":{"rendered":"<p>Magnifique pi\u00e8ce - polie d'un c\u00f4t\u00e9, compl\u00e8te avec l'\u00e9corce ! Description des foug\u00e8res \u00e0 l'art. VH - 003 Poids : 0,63 kilogramme Dimensions : 12 x 11 x 3,5 cm<\/p>","protected":false},"featured_media":1184,"template":"","meta":{"_acf_changed":false},"region":[],"product_brand":[],"product_cat":[15],"product_tag":[],"class_list":{"0":"post-1183","1":"product","2":"type-product","3":"status-publish","4":"has-post-thumbnail","6":"product_cat-mineralien","8":"first","9":"outofstock","10":"sold-individually","11":"product-type-simple"},"acf":[],"_links":{"self":[{"href":"https:\/\/westgem.shop\/fr\/wp-json\/wp\/v2\/product\/1183","targetHints":{"allow":["GET"]}}],"collection":[{"href":"https:\/\/westgem.shop\/fr\/wp-json\/wp\/v2\/product"}],"about":[{"href":"https:\/\/westgem.shop\/fr\/wp-json\/wp\/v2\/types\/product"}],"wp:featuredmedia":[{"embeddable":true,"href":"https:\/\/westgem.shop\/fr\/wp-json\/wp\/v2\/media\/1184"}],"wp:attachment":[{"href":"https:\/\/westgem.shop\/fr\/wp-json\/wp\/v2\/media?parent=1183"}],"wp:term":[{"taxonomy":"region","embeddable":true,"href":"https:\/\/westgem.shop\/fr\/wp-json\/wp\/v2\/region?post=1183"},{"taxonomy":"product_brand","embeddable":true,"href":"https:\/\/westgem.shop\/fr\/wp-json\/wp\/v2\/product_brand?post=1183"},{"taxonomy":"product_cat","embeddable":true,"href":"https:\/\/westgem.shop\/fr\/wp-json\/wp\/v2\/product_cat?post=1183"},{"taxonomy":"product_tag","embeddable":true,"href":"https:\/\/westgem.shop\/fr\/wp-json\/wp\/v2\/product_tag?post=1183"}],"curies":[{"name":"wp","href":"https:\/\/api.w.org\/{rel}","templated":true}]}}