{"id":1186,"date":"2000-08-11T00:00:00","date_gmt":"2000-08-11T00:00:00","guid":{"rendered":"https:\/\/miners.rocks\/product\/288\/"},"modified":"2020-05-19T16:56:56","modified_gmt":"2020-05-19T16:56:56","slug":"titea-singularis","status":"publish","type":"product","link":"https:\/\/westgem.shop\/fr\/produit\/titea-singularis\/","title":{"rendered":"Titea Singularis"},"content":{"rendered":"<p>Disque de tronc parfait d'une FOURRIERE P\u00e9trifi\u00e9e , poli sur les deux faces .<\/p>\n<p>Magnifique \u00e9corce pr\u00e9serv\u00e9e sur tout le pourtour .<\/p>\n<p>DESCRIPTION DE LA COULEUR voir art. : VH -003<\/p>\n<p>Poids : 0,61 kilogramme Dimensions : diam\u00e8tre est 15 cm \u00e9paisseur : 2 cm<\/p>","protected":false},"excerpt":{"rendered":"<p>Disque de tronc parfait d'une FOURRIERE P\u00e9trifi\u00e9e , poli sur les deux faces . Magnifique \u00e9corce conserv\u00e9e sur tout le pourtour . DESCRIPTION DE LA COULEUR voir art. : VH -003 Poids : 0,61 kilogramme Dimensions : diam\u00e8tre est 15 cm \u00e9paisseur : 2 cm<\/p>","protected":false},"featured_media":1187,"template":"","meta":{"_acf_changed":false},"region":[],"product_brand":[],"product_cat":[15],"product_tag":[],"class_list":{"0":"post-1186","1":"product","2":"type-product","3":"status-publish","4":"has-post-thumbnail","6":"product_cat-mineralien","8":"first","9":"outofstock","10":"sold-individually","11":"product-type-simple"},"acf":[],"_links":{"self":[{"href":"https:\/\/westgem.shop\/fr\/wp-json\/wp\/v2\/product\/1186","targetHints":{"allow":["GET"]}}],"collection":[{"href":"https:\/\/westgem.shop\/fr\/wp-json\/wp\/v2\/product"}],"about":[{"href":"https:\/\/westgem.shop\/fr\/wp-json\/wp\/v2\/types\/product"}],"wp:featuredmedia":[{"embeddable":true,"href":"https:\/\/westgem.shop\/fr\/wp-json\/wp\/v2\/media\/1187"}],"wp:attachment":[{"href":"https:\/\/westgem.shop\/fr\/wp-json\/wp\/v2\/media?parent=1186"}],"wp:term":[{"taxonomy":"region","embeddable":true,"href":"https:\/\/westgem.shop\/fr\/wp-json\/wp\/v2\/region?post=1186"},{"taxonomy":"product_brand","embeddable":true,"href":"https:\/\/westgem.shop\/fr\/wp-json\/wp\/v2\/product_brand?post=1186"},{"taxonomy":"product_cat","embeddable":true,"href":"https:\/\/westgem.shop\/fr\/wp-json\/wp\/v2\/product_cat?post=1186"},{"taxonomy":"product_tag","embeddable":true,"href":"https:\/\/westgem.shop\/fr\/wp-json\/wp\/v2\/product_tag?post=1186"}],"curies":[{"name":"wp","href":"https:\/\/api.w.org\/{rel}","templated":true}]}}