{"id":1190,"date":"2000-08-12T00:00:00","date_gmt":"2000-08-12T00:00:00","guid":{"rendered":"https:\/\/miners.rocks\/product\/289\/"},"modified":"2020-05-19T16:56:56","modified_gmt":"2020-05-19T16:56:56","slug":"lentille-de-biotite-nord-portugal","status":"publish","type":"product","link":"https:\/\/westgem.shop\/fr\/produit\/lentille-de-biotite-nord-portugal\/","title":{"rendered":"LINGE DE BIOTIT - Nord du Portugal"},"content":{"rendered":"<p>Les lentilles BIOTIT sont des silicates de couche du groupe des micas.<\/p>\n<p>Lorsque la roche est chauff\u00e9e en \u00e9t\u00e9, les formations min\u00e9rales lenticulaires se gonflent2 et se d\u00e9tachent de la roche environnante. C'est pour cette raison qu'on les appelle aussi \"pierres naissantes\".<\/p>\n<p>La \"communaut\u00e9 \u00e9sot\u00e9rique\" interpr\u00e8te bien entendu toutes sortes de propri\u00e9t\u00e9s \"merveilleuses\" \u00e0 partir de ces processus en soi totalement naturels ( veuillez lire vous-m\u00eame les innombrables pages Internet ).<\/p>\n<p>Elle a \u00e9t\u00e9 trouv\u00e9e dans le nord du Portugal, \u00e0 Castanheira. Les autochtones appellent les lentilles BIOTIT \"Pedras parideiras\".<\/p>\n<p>Le poids de cette pi\u00e8ce est de 120 grammes Dimensions : diam\u00e8tre 7 cm<\/p>","protected":false},"excerpt":{"rendered":"<p>Les lentilles BIOTIT sont des silicates stratifi\u00e9s du groupe des micas. Lorsque la roche est chauff\u00e9e en \u00e9t\u00e9, les formations min\u00e9rales en forme de lentilles se gonflent2 et se d\u00e9tachent de la roche environnante. C'est pour cette raison qu'on les appelle aussi \"pierres d'accouchement\". La \"communaut\u00e9 \u00e9sot\u00e9rique\" interpr\u00e8te naturellement ces processus, en soi totalement naturels, comme [...].<\/p>","protected":false},"featured_media":1191,"template":"","meta":{"_acf_changed":false},"region":[],"product_brand":[],"product_cat":[15],"product_tag":[],"class_list":{"0":"post-1190","1":"product","2":"type-product","3":"status-publish","4":"has-post-thumbnail","6":"product_cat-mineralien","8":"first","9":"outofstock","10":"sold-individually","11":"product-type-simple"},"acf":[],"_links":{"self":[{"href":"https:\/\/westgem.shop\/fr\/wp-json\/wp\/v2\/product\/1190","targetHints":{"allow":["GET"]}}],"collection":[{"href":"https:\/\/westgem.shop\/fr\/wp-json\/wp\/v2\/product"}],"about":[{"href":"https:\/\/westgem.shop\/fr\/wp-json\/wp\/v2\/types\/product"}],"wp:featuredmedia":[{"embeddable":true,"href":"https:\/\/westgem.shop\/fr\/wp-json\/wp\/v2\/media\/1191"}],"wp:attachment":[{"href":"https:\/\/westgem.shop\/fr\/wp-json\/wp\/v2\/media?parent=1190"}],"wp:term":[{"taxonomy":"region","embeddable":true,"href":"https:\/\/westgem.shop\/fr\/wp-json\/wp\/v2\/region?post=1190"},{"taxonomy":"product_brand","embeddable":true,"href":"https:\/\/westgem.shop\/fr\/wp-json\/wp\/v2\/product_brand?post=1190"},{"taxonomy":"product_cat","embeddable":true,"href":"https:\/\/westgem.shop\/fr\/wp-json\/wp\/v2\/product_cat?post=1190"},{"taxonomy":"product_tag","embeddable":true,"href":"https:\/\/westgem.shop\/fr\/wp-json\/wp\/v2\/product_tag?post=1190"}],"curies":[{"name":"wp","href":"https:\/\/api.w.org\/{rel}","templated":true}]}}