{"id":1194,"date":"2000-08-13T00:00:00","date_gmt":"2000-08-13T00:00:00","guid":{"rendered":"https:\/\/miners.rocks\/product\/290\/"},"modified":"2020-05-19T16:56:56","modified_gmt":"2020-05-19T16:56:56","slug":"oeil-de-faucon-bicolor","status":"publish","type":"product","link":"https:\/\/westgem.shop\/fr\/produit\/oeil-de-faucon-bicolor\/","title":{"rendered":"\u0152il de faucon - BICOLOR"},"content":{"rendered":"<p>Tr\u00e8s belle pi\u00e8ce brute d\u00e9corative de la mine de fer Bandet \u00e0 Griqualand - Afrique du Sud.<\/p>\n<p>L'\u0153il de faucon est un agr\u00e9gat de quartz \u00e0 fibres fines avec de la crocidolite. Sa couleur varie du bleu-vert au bleu-gris. L'\u0153il de tigre se forme \u00e0 partir de l'\u0153il de faucon par l'intercalation de limonite et la silicification de la crocidolite. Dans cette pi\u00e8ce, les deux vari\u00e9t\u00e9s sont pr\u00e9sentes !<\/p>\n<p>Excellent produit brut pour le pon\u00e7age et le polissage.<\/p>\n<p>Poids : 1,87 kilogramme Dimensions : 18 x 10 x 9 cm<\/p>","protected":false},"excerpt":{"rendered":"<p>Tr\u00e8s belle pi\u00e8ce brute d\u00e9corative provenant de la mine de fer Bandet Iron Mine \u00e0 Griqualand - Afrique du Sud. L'\u0153il de faucon est un agr\u00e9gat de quartz \u00e0 fibres fines avec de la crocidolite. Sa couleur varie du bleu-vert au bleu-gris. L'\u0153il de tigre se forme \u00e0 partir de l'\u0153il de faucon par l'intercalation de limonite et la silicification de la crocidolite. Dans cette pi\u00e8ce, les deux vari\u00e9t\u00e9s sont pr\u00e9sentes ! Excellente mati\u00e8re premi\u00e8re pour la taille et le polissage. [...]<\/p>","protected":false},"featured_media":1195,"template":"","meta":{"_acf_changed":false},"region":[],"product_brand":[],"product_cat":[15],"product_tag":[],"class_list":{"0":"post-1194","1":"product","2":"type-product","3":"status-publish","4":"has-post-thumbnail","6":"product_cat-mineralien","8":"first","9":"outofstock","10":"sold-individually","11":"product-type-simple"},"acf":[],"_links":{"self":[{"href":"https:\/\/westgem.shop\/fr\/wp-json\/wp\/v2\/product\/1194","targetHints":{"allow":["GET"]}}],"collection":[{"href":"https:\/\/westgem.shop\/fr\/wp-json\/wp\/v2\/product"}],"about":[{"href":"https:\/\/westgem.shop\/fr\/wp-json\/wp\/v2\/types\/product"}],"wp:featuredmedia":[{"embeddable":true,"href":"https:\/\/westgem.shop\/fr\/wp-json\/wp\/v2\/media\/1195"}],"wp:attachment":[{"href":"https:\/\/westgem.shop\/fr\/wp-json\/wp\/v2\/media?parent=1194"}],"wp:term":[{"taxonomy":"region","embeddable":true,"href":"https:\/\/westgem.shop\/fr\/wp-json\/wp\/v2\/region?post=1194"},{"taxonomy":"product_brand","embeddable":true,"href":"https:\/\/westgem.shop\/fr\/wp-json\/wp\/v2\/product_brand?post=1194"},{"taxonomy":"product_cat","embeddable":true,"href":"https:\/\/westgem.shop\/fr\/wp-json\/wp\/v2\/product_cat?post=1194"},{"taxonomy":"product_tag","embeddable":true,"href":"https:\/\/westgem.shop\/fr\/wp-json\/wp\/v2\/product_tag?post=1194"}],"curies":[{"name":"wp","href":"https:\/\/api.w.org\/{rel}","templated":true}]}}