{"id":1199,"date":"2000-08-14T00:00:00","date_gmt":"2000-08-14T00:00:00","guid":{"rendered":"https:\/\/miners.rocks\/product\/291\/"},"modified":"2020-05-19T16:56:57","modified_gmt":"2020-05-19T16:56:57","slug":"orange-river-jaspis","status":"publish","type":"product","link":"https:\/\/westgem.shop\/fr\/produit\/orange-river-jaspis\/","title":{"rendered":"ORANGE RIVER Jaspe"},"content":{"rendered":"<p>Vari\u00e9t\u00e9 de quartz microcristallin contenant jusqu'\u00e0 20 % d'impuret\u00e9s. Dans ce cas, le fer est la substance colorante<\/p>\n<p>Le JASPIS est rarement unicolore, il est g\u00e9n\u00e9ralement ray\u00e9 ou tachet\u00e9.<\/p>\n<p>Dans le domaine de la bijouterie, beaucoup d'autres roches (marbre, roches volcaniques ou calcaires) sont appel\u00e9es \u00e0 tort jaspe, avec des noms fantaisistes tels que jaspe l\u00e9opard ou jaspe piccaso ........., etc.<\/p>\n<p>Cette pi\u00e8ce brute est travers\u00e9e de veines de quartz blanc et provient de sites situ\u00e9s sur la rivi\u00e8re Orange en Afrique du Sud.<\/p>\n<p>Poids : 2,4 kilogrammes Dimensions : 16 x 15 x 8 cm<\/p>","protected":false},"excerpt":{"rendered":"<p>Vari\u00e9t\u00e9 de quartz microcristallin contenant jusqu'\u00e0 20 % d'impuret\u00e9s. Dans ce cas, le fer est la substance colorante. Le JASPIS est rarement monochrome, il est g\u00e9n\u00e9ralement stri\u00e9 ou tachet\u00e9. Dans le domaine de la bijouterie, beaucoup d'autres roches (marbre, roches volcaniques ou calcaires) sont souvent appel\u00e9es \u00e0 tort jaspe, avec des noms fantaisistes tels que jaspe peau de l\u00e9opard ou jaspe piccaso .........usw. [...]<\/p>","protected":false},"featured_media":1200,"template":"","meta":{"_acf_changed":false},"region":[],"product_brand":[],"product_cat":[15],"product_tag":[],"class_list":{"0":"post-1199","1":"product","2":"type-product","3":"status-publish","4":"has-post-thumbnail","6":"product_cat-mineralien","8":"first","9":"outofstock","10":"sold-individually","11":"product-type-simple"},"acf":[],"_links":{"self":[{"href":"https:\/\/westgem.shop\/fr\/wp-json\/wp\/v2\/product\/1199","targetHints":{"allow":["GET"]}}],"collection":[{"href":"https:\/\/westgem.shop\/fr\/wp-json\/wp\/v2\/product"}],"about":[{"href":"https:\/\/westgem.shop\/fr\/wp-json\/wp\/v2\/types\/product"}],"wp:featuredmedia":[{"embeddable":true,"href":"https:\/\/westgem.shop\/fr\/wp-json\/wp\/v2\/media\/1200"}],"wp:attachment":[{"href":"https:\/\/westgem.shop\/fr\/wp-json\/wp\/v2\/media?parent=1199"}],"wp:term":[{"taxonomy":"region","embeddable":true,"href":"https:\/\/westgem.shop\/fr\/wp-json\/wp\/v2\/region?post=1199"},{"taxonomy":"product_brand","embeddable":true,"href":"https:\/\/westgem.shop\/fr\/wp-json\/wp\/v2\/product_brand?post=1199"},{"taxonomy":"product_cat","embeddable":true,"href":"https:\/\/westgem.shop\/fr\/wp-json\/wp\/v2\/product_cat?post=1199"},{"taxonomy":"product_tag","embeddable":true,"href":"https:\/\/westgem.shop\/fr\/wp-json\/wp\/v2\/product_tag?post=1199"}],"curies":[{"name":"wp","href":"https:\/\/api.w.org\/{rel}","templated":true}]}}