{"id":1206,"date":"2000-08-16T00:00:00","date_gmt":"2000-08-16T00:00:00","guid":{"rendered":"https:\/\/miners.rocks\/product\/293\/"},"modified":"2020-05-19T16:56:57","modified_gmt":"2020-05-19T16:56:57","slug":"silex-a-plusieurs-facettes","status":"publish","type":"product","link":"https:\/\/westgem.shop\/fr\/produit\/silex-a-plusieurs-facettes\/","title":{"rendered":"PIERRE DE FEU multicolore"},"content":{"rendered":"<p>Quartz s\u00e9dimentaire polychrome (multicolore) - FEUERSTEIN<\/p>\n<p>C'est aussi un tr\u00e8s bon mat\u00e9riau pour le pon\u00e7age et le polissage. Tr\u00e8s DUR !<\/p>\n<p>Description pour RO - 017 FEUERSTEIN<\/p>\n<p>Le lieu de d\u00e9couverte est l'\u00eele aux pierres pr\u00e9cieuses de Madagascar, pr\u00e8s de l'AFRIQUE.<\/p>\n<p>Poids : 1,7 kilogramme Dimensions : 18 x 10 x 10 cm<\/p>","protected":false},"excerpt":{"rendered":"<p>Quartz s\u00e9dimentaire polychrome (multicolore) - PIERRE FEURE C'est aussi un tr\u00e8s bon mat\u00e9riau pour le pon\u00e7age et le polissage. Tr\u00e8s DUR ! Description chez RO - 017 PIERRE FEUILLE L'endroit de la d\u00e9couverte est l'\u00eele des pierres pr\u00e9cieuses de Madagascar pr\u00e8s de l'AFRIQUE Poids : 1,7 kilogramme Dimensions : 18 x 10 x 10 cm<\/p>","protected":false},"featured_media":1207,"template":"","meta":{"_acf_changed":false},"region":[],"product_brand":[],"product_cat":[15],"product_tag":[],"class_list":{"0":"post-1206","1":"product","2":"type-product","3":"status-publish","4":"has-post-thumbnail","6":"product_cat-mineralien","8":"first","9":"outofstock","10":"sold-individually","11":"product-type-simple"},"acf":[],"_links":{"self":[{"href":"https:\/\/westgem.shop\/fr\/wp-json\/wp\/v2\/product\/1206","targetHints":{"allow":["GET"]}}],"collection":[{"href":"https:\/\/westgem.shop\/fr\/wp-json\/wp\/v2\/product"}],"about":[{"href":"https:\/\/westgem.shop\/fr\/wp-json\/wp\/v2\/types\/product"}],"wp:featuredmedia":[{"embeddable":true,"href":"https:\/\/westgem.shop\/fr\/wp-json\/wp\/v2\/media\/1207"}],"wp:attachment":[{"href":"https:\/\/westgem.shop\/fr\/wp-json\/wp\/v2\/media?parent=1206"}],"wp:term":[{"taxonomy":"region","embeddable":true,"href":"https:\/\/westgem.shop\/fr\/wp-json\/wp\/v2\/region?post=1206"},{"taxonomy":"product_brand","embeddable":true,"href":"https:\/\/westgem.shop\/fr\/wp-json\/wp\/v2\/product_brand?post=1206"},{"taxonomy":"product_cat","embeddable":true,"href":"https:\/\/westgem.shop\/fr\/wp-json\/wp\/v2\/product_cat?post=1206"},{"taxonomy":"product_tag","embeddable":true,"href":"https:\/\/westgem.shop\/fr\/wp-json\/wp\/v2\/product_tag?post=1206"}],"curies":[{"name":"wp","href":"https:\/\/api.w.org\/{rel}","templated":true}]}}