{"id":1210,"date":"2000-08-17T00:00:00","date_gmt":"2000-08-17T00:00:00","guid":{"rendered":"https:\/\/miners.rocks\/product\/294\/"},"modified":"2020-05-19T16:56:58","modified_gmt":"2020-05-19T16:56:58","slug":"tres-belle-lazulite-polie","status":"publish","type":"product","link":"https:\/\/westgem.shop\/fr\/produit\/tres-belle-lazulite-polie\/","title":{"rendered":"Tr\u00e8s belle LAZULITH - Polie"},"content":{"rendered":"<p>La lazulite est un min\u00e9ral relativement rare. Un autre nom pour la LAZULITH est \u00e9galement BLAUSDPAT.<\/p>\n<p>La formation est hydrothermale dans des veines de quartz et des pegmatites de granit.<\/p>\n<p>Cette pi\u00e8ce provient d'une d\u00e9couverte unique des ann\u00e9es 1960 et a \u00e9t\u00e9 polie sur une face.<\/p>\n<p>Couleur de premi\u00e8re qualit\u00e9 .<\/p>\n<p>Lieu de la d\u00e9couverte : H\u00f6llkogel - Fischbacher Alpe - M\u00fcrztal - Steiermark - Austria<\/p>\n<p>Poids : 660 grammes ( 0,6 kilogramme) Dimensions : 11 x 8 x 6 cm<\/p>","protected":false},"excerpt":{"rendered":"<p>La lazulite est un min\u00e9ral relativement rare. Un autre nom pour la lazulite est BLAUSDPAT. Sa formation est hydrothermale dans les veines de quartz et les pegmatites granitiques. Cette pi\u00e8ce provient d'une d\u00e9couverte unique des ann\u00e9es 1960 et a \u00e9t\u00e9 polie sur une face. Couleur de premi\u00e8re classe. Lieu de la d\u00e9couverte : H\u00f6llkogel - Fischbacher Alpe - M\u00fcrztal - Steiermark - Austria Poids : [...]<\/p>","protected":false},"featured_media":1211,"template":"","meta":{"_acf_changed":false},"region":[],"product_brand":[],"product_cat":[15],"product_tag":[],"class_list":{"0":"post-1210","1":"product","2":"type-product","3":"status-publish","4":"has-post-thumbnail","6":"product_cat-mineralien","8":"first","9":"outofstock","10":"sold-individually","11":"product-type-simple"},"acf":[],"_links":{"self":[{"href":"https:\/\/westgem.shop\/fr\/wp-json\/wp\/v2\/product\/1210","targetHints":{"allow":["GET"]}}],"collection":[{"href":"https:\/\/westgem.shop\/fr\/wp-json\/wp\/v2\/product"}],"about":[{"href":"https:\/\/westgem.shop\/fr\/wp-json\/wp\/v2\/types\/product"}],"wp:featuredmedia":[{"embeddable":true,"href":"https:\/\/westgem.shop\/fr\/wp-json\/wp\/v2\/media\/1211"}],"wp:attachment":[{"href":"https:\/\/westgem.shop\/fr\/wp-json\/wp\/v2\/media?parent=1210"}],"wp:term":[{"taxonomy":"region","embeddable":true,"href":"https:\/\/westgem.shop\/fr\/wp-json\/wp\/v2\/region?post=1210"},{"taxonomy":"product_brand","embeddable":true,"href":"https:\/\/westgem.shop\/fr\/wp-json\/wp\/v2\/product_brand?post=1210"},{"taxonomy":"product_cat","embeddable":true,"href":"https:\/\/westgem.shop\/fr\/wp-json\/wp\/v2\/product_cat?post=1210"},{"taxonomy":"product_tag","embeddable":true,"href":"https:\/\/westgem.shop\/fr\/wp-json\/wp\/v2\/product_tag?post=1210"}],"curies":[{"name":"wp","href":"https:\/\/api.w.org\/{rel}","templated":true}]}}