{"id":12124,"date":"2021-06-11T07:17:26","date_gmt":"2021-06-11T07:17:26","guid":{"rendered":"https:\/\/westgem.shop\/?post_type=product&#038;p=12124"},"modified":"2024-02-03T07:39:04","modified_gmt":"2024-02-03T07:39:04","slug":"pyrite-xx-sphalerite-xx","status":"publish","type":"product","link":"https:\/\/westgem.shop\/fr\/produit\/pyrite-xx-sphalerite-xx\/","title":{"rendered":"PYRITE xx Sphal\u00e9rite xx"},"content":{"rendered":"<p><strong>\u00c9tape de pyrite avec de nombreux cristaux brillants dor\u00e9s et de la sphal\u00e9rite noire profonde xx = blende de zinc<\/strong><\/p>\n<p>&nbsp;<\/p>\n<p>Les pyrites tr\u00e8s brillantes sont tr\u00e8s difficiles \u00e0 capturer en photo - le niveau est bien plus attrayant dans la nature.<\/p>\n<p>&nbsp;<\/p>\n<p>Minerais typiques de l'ancienne mine de Baia Bursa - Maramures - Carpates - Roumanie<\/p>\n<p><strong>poids : 1,3 kilogramme<\/strong><\/p>\n<p>Dim : 11 x 8 x 9 cm<\/p>\n<p>La derni\u00e8re image montre la face inf\u00e9rieure<\/p>","protected":false},"excerpt":{"rendered":"<p>\u00c9tape de pyrite avec de nombreux cristaux dor\u00e9s brillants et de la sphal\u00e9rite noire xx = blende de zinc Les pyrites brillantes sont tr\u00e8s difficiles \u00e0 photographier - l'\u00e9tape est beaucoup plus attrayante dans la nature.   Minerai typique de l'ancienne mine de Baia Bursa - Maramures - Carpates - Roumanie Poids : 1,3 kilogramme Dim. : 11 x 8 x 9 cm [...].<\/p>","protected":false},"featured_media":12125,"template":"","meta":{"_acf_changed":false},"region":[58],"product_brand":[],"product_cat":[19],"product_tag":[],"class_list":{"0":"post-12124","1":"product","2":"type-product","3":"status-publish","4":"has-post-thumbnail","6":"region-europa","7":"product_cat-kristallstufen","9":"first","10":"instock","11":"sold-individually","12":"taxable","13":"shipping-taxable","14":"purchasable","15":"product-type-simple"},"acf":[],"_links":{"self":[{"href":"https:\/\/westgem.shop\/fr\/wp-json\/wp\/v2\/product\/12124","targetHints":{"allow":["GET"]}}],"collection":[{"href":"https:\/\/westgem.shop\/fr\/wp-json\/wp\/v2\/product"}],"about":[{"href":"https:\/\/westgem.shop\/fr\/wp-json\/wp\/v2\/types\/product"}],"wp:featuredmedia":[{"embeddable":true,"href":"https:\/\/westgem.shop\/fr\/wp-json\/wp\/v2\/media\/12125"}],"wp:attachment":[{"href":"https:\/\/westgem.shop\/fr\/wp-json\/wp\/v2\/media?parent=12124"}],"wp:term":[{"taxonomy":"region","embeddable":true,"href":"https:\/\/westgem.shop\/fr\/wp-json\/wp\/v2\/region?post=12124"},{"taxonomy":"product_brand","embeddable":true,"href":"https:\/\/westgem.shop\/fr\/wp-json\/wp\/v2\/product_brand?post=12124"},{"taxonomy":"product_cat","embeddable":true,"href":"https:\/\/westgem.shop\/fr\/wp-json\/wp\/v2\/product_cat?post=12124"},{"taxonomy":"product_tag","embeddable":true,"href":"https:\/\/westgem.shop\/fr\/wp-json\/wp\/v2\/product_tag?post=12124"}],"curies":[{"name":"wp","href":"https:\/\/api.w.org\/{rel}","templated":true}]}}