{"id":1218,"date":"2000-08-19T00:00:00","date_gmt":"2000-08-19T00:00:00","guid":{"rendered":"https:\/\/miners.rocks\/product\/296\/"},"modified":"2020-05-19T16:57:00","modified_gmt":"2020-05-19T16:57:00","slug":"fluorite-arc-en-ciel-argentine","status":"publish","type":"product","link":"https:\/\/westgem.shop\/fr\/produit\/fluorite-arc-en-ciel-argentine\/","title":{"rendered":"ARC DE PLUIE FLUORITE - Argentine"},"content":{"rendered":"<p>Tr\u00e8s belle FLUORITE JAUNE aux couleurs de l'arc-en-ciel. RARITE !<\/p>\n<p>La pi\u00e8ce est naturelle - brute, coup\u00e9e mais pas polie. Il se pr\u00eate bien au polissage et \u00e0 la transformation en un magnifique bijou.<\/p>\n<p>Poids : 70 g. Dimensions : 7 x 4,5 x 1 cm<\/p>\n<p>Mine de Pan de Azucar - Rinconada - ARGENTINE.<\/p>","protected":false},"excerpt":{"rendered":"<p>Tr\u00e8s belle FLUORITE JAUNE aux couleurs de l'arc-en-ciel, RARITE ! La pi\u00e8ce est naturelle - brute, coup\u00e9e mais pas polie. Se pr\u00eate bien au polissage et \u00e0 la transformation en un magnifique bijou. Poids : 70 g. Dimensions : 7 x 4,5 x 1 cm Pan de Azucar Mine - Rinconada - ARGENTINE<\/p>","protected":false},"featured_media":1219,"template":"","meta":{"_acf_changed":false},"region":[],"product_brand":[],"product_cat":[15],"product_tag":[],"class_list":{"0":"post-1218","1":"product","2":"type-product","3":"status-publish","4":"has-post-thumbnail","6":"product_cat-mineralien","8":"first","9":"outofstock","10":"sold-individually","11":"product-type-simple"},"acf":[],"_links":{"self":[{"href":"https:\/\/westgem.shop\/fr\/wp-json\/wp\/v2\/product\/1218","targetHints":{"allow":["GET"]}}],"collection":[{"href":"https:\/\/westgem.shop\/fr\/wp-json\/wp\/v2\/product"}],"about":[{"href":"https:\/\/westgem.shop\/fr\/wp-json\/wp\/v2\/types\/product"}],"wp:featuredmedia":[{"embeddable":true,"href":"https:\/\/westgem.shop\/fr\/wp-json\/wp\/v2\/media\/1219"}],"wp:attachment":[{"href":"https:\/\/westgem.shop\/fr\/wp-json\/wp\/v2\/media?parent=1218"}],"wp:term":[{"taxonomy":"region","embeddable":true,"href":"https:\/\/westgem.shop\/fr\/wp-json\/wp\/v2\/region?post=1218"},{"taxonomy":"product_brand","embeddable":true,"href":"https:\/\/westgem.shop\/fr\/wp-json\/wp\/v2\/product_brand?post=1218"},{"taxonomy":"product_cat","embeddable":true,"href":"https:\/\/westgem.shop\/fr\/wp-json\/wp\/v2\/product_cat?post=1218"},{"taxonomy":"product_tag","embeddable":true,"href":"https:\/\/westgem.shop\/fr\/wp-json\/wp\/v2\/product_tag?post=1218"}],"curies":[{"name":"wp","href":"https:\/\/api.w.org\/{rel}","templated":true}]}}