{"id":1222,"date":"2000-08-20T00:00:00","date_gmt":"2000-08-20T00:00:00","guid":{"rendered":"https:\/\/miners.rocks\/product\/297\/"},"modified":"2020-05-19T16:57:00","modified_gmt":"2020-05-19T16:57:00","slug":"uruguay-amethyste-xx-2","status":"publish","type":"product","link":"https:\/\/westgem.shop\/fr\/produit\/uruguay-amethyste-xx-2\/","title":{"rendered":"URUGUAY AMETHYST xx"},"content":{"rendered":"<p>TEINTURE NATURELLE de premi\u00e8re qualit\u00e9 - malheureusement, de nos jours, de nombreuses am\u00e9thystes, en particulier celles du Br\u00e9sil, sont \"irradi\u00e9es\" pour am\u00e9liorer leur couleur.  Attention aux offres bon march\u00e9 !<\/p>\n<p>Cette pi\u00e8ce aux couleurs vives n'est pas non plus pourvue de l'\u00e9corce verte habituelle du b\u00e9ton, mais est tout autour comme si elle avait \u00e9t\u00e9 cr\u00e9\u00e9e par la nature.<\/p>\n<p>Poids : 1,6 kilogramme Dimensions : 18 x 9 x 7 cm<\/p>\n<p>Le lieu de d\u00e9couverte est Artigas - Uruguay<\/p>","protected":false},"excerpt":{"rendered":"<p>TEINTURE NATURELLE de premi\u00e8re qualit\u00e9 - malheureusement, de nos jours, de nombreuses am\u00e9thystes, en particulier celles du Br\u00e9sil, sont \"irradi\u00e9es\" pour am\u00e9liorer leur couleur. Attention aux offres bon march\u00e9 ! Cette pi\u00e8ce aux couleurs intenses n'est pas non plus pourvue de l'habituelle \u00e9corce verte en b\u00e9ton, mais elle est tout autour comme si elle avait \u00e9t\u00e9 cr\u00e9\u00e9e par la nature. Poids : 1,6 kilogrammes Dimensions : 18 x 9 x 7 cm [...]<\/p>","protected":false},"featured_media":1223,"template":"","meta":{"_acf_changed":false},"region":[],"product_brand":[],"product_cat":[15],"product_tag":[],"class_list":{"0":"post-1222","1":"product","2":"type-product","3":"status-publish","4":"has-post-thumbnail","6":"product_cat-mineralien","8":"first","9":"outofstock","10":"sold-individually","11":"product-type-simple"},"acf":[],"_links":{"self":[{"href":"https:\/\/westgem.shop\/fr\/wp-json\/wp\/v2\/product\/1222","targetHints":{"allow":["GET"]}}],"collection":[{"href":"https:\/\/westgem.shop\/fr\/wp-json\/wp\/v2\/product"}],"about":[{"href":"https:\/\/westgem.shop\/fr\/wp-json\/wp\/v2\/types\/product"}],"wp:featuredmedia":[{"embeddable":true,"href":"https:\/\/westgem.shop\/fr\/wp-json\/wp\/v2\/media\/1223"}],"wp:attachment":[{"href":"https:\/\/westgem.shop\/fr\/wp-json\/wp\/v2\/media?parent=1222"}],"wp:term":[{"taxonomy":"region","embeddable":true,"href":"https:\/\/westgem.shop\/fr\/wp-json\/wp\/v2\/region?post=1222"},{"taxonomy":"product_brand","embeddable":true,"href":"https:\/\/westgem.shop\/fr\/wp-json\/wp\/v2\/product_brand?post=1222"},{"taxonomy":"product_cat","embeddable":true,"href":"https:\/\/westgem.shop\/fr\/wp-json\/wp\/v2\/product_cat?post=1222"},{"taxonomy":"product_tag","embeddable":true,"href":"https:\/\/westgem.shop\/fr\/wp-json\/wp\/v2\/product_tag?post=1222"}],"curies":[{"name":"wp","href":"https:\/\/api.w.org\/{rel}","templated":true}]}}