{"id":1227,"date":"2000-08-21T00:00:00","date_gmt":"2000-08-21T00:00:00","guid":{"rendered":"https:\/\/miners.rocks\/product\/298\/"},"modified":"2020-05-19T16:57:00","modified_gmt":"2020-05-19T16:57:00","slug":"silex-multicolore-brut","status":"publish","type":"product","link":"https:\/\/westgem.shop\/fr\/produit\/silex-multicolore-brut\/","title":{"rendered":"PIERRE DE FEU multicolore - pierre brute"},"content":{"rendered":"<p>Tr\u00e8s beau sp\u00e9cimen de PIERRE polychrome - multicolore de Madagascar.<\/p>\n<p>PIERRE FEU Description voir art. RO - 017<\/p>\n<p>Excellent aussi pour le pon\u00e7age et le polissage - ce sera certainement un super pendentif !<\/p>\n<p>Poids : 0,3 kg Dimensions : 10 x 7 x 3 cm<\/p>\n<p>L'image 3 est la face arri\u00e8re<\/p>\n<p>Vous trouverez d'autres silex en cliquant sur silex \u00e0 GAUCHE dans la barre des cat\u00e9gories.<\/p>","protected":false},"excerpt":{"rendered":"<p>Tr\u00e8s beau sp\u00e9cimen de PIERRE polychrome - multicolore de Madagascar. PIERRE FEUVE Description voir art. RO - 017 Premi\u00e8re classe aussi pour tailler et polir - ce sera s\u00fbrement un super pendentif ! Poids : 0,3 kg Dimensions : 10 x 7 x 3 cm La photo 3 est le verso Vous trouverez d'autres PIERRES FEU en cliquant \u00e0 GAUCHE dans [...].<\/p>","protected":false},"featured_media":1228,"template":"","meta":{"_acf_changed":false},"region":[],"product_brand":[],"product_cat":[15],"product_tag":[],"class_list":{"0":"post-1227","1":"product","2":"type-product","3":"status-publish","4":"has-post-thumbnail","6":"product_cat-mineralien","8":"first","9":"outofstock","10":"sold-individually","11":"product-type-simple"},"acf":[],"_links":{"self":[{"href":"https:\/\/westgem.shop\/fr\/wp-json\/wp\/v2\/product\/1227","targetHints":{"allow":["GET"]}}],"collection":[{"href":"https:\/\/westgem.shop\/fr\/wp-json\/wp\/v2\/product"}],"about":[{"href":"https:\/\/westgem.shop\/fr\/wp-json\/wp\/v2\/types\/product"}],"wp:featuredmedia":[{"embeddable":true,"href":"https:\/\/westgem.shop\/fr\/wp-json\/wp\/v2\/media\/1228"}],"wp:attachment":[{"href":"https:\/\/westgem.shop\/fr\/wp-json\/wp\/v2\/media?parent=1227"}],"wp:term":[{"taxonomy":"region","embeddable":true,"href":"https:\/\/westgem.shop\/fr\/wp-json\/wp\/v2\/region?post=1227"},{"taxonomy":"product_brand","embeddable":true,"href":"https:\/\/westgem.shop\/fr\/wp-json\/wp\/v2\/product_brand?post=1227"},{"taxonomy":"product_cat","embeddable":true,"href":"https:\/\/westgem.shop\/fr\/wp-json\/wp\/v2\/product_cat?post=1227"},{"taxonomy":"product_tag","embeddable":true,"href":"https:\/\/westgem.shop\/fr\/wp-json\/wp\/v2\/product_tag?post=1227"}],"curies":[{"name":"wp","href":"https:\/\/api.w.org\/{rel}","templated":true}]}}