{"id":1231,"date":"2000-08-22T00:00:00","date_gmt":"2000-08-22T00:00:00","guid":{"rendered":"https:\/\/miners.rocks\/product\/299\/"},"modified":"2020-05-19T16:57:01","modified_gmt":"2020-05-19T16:57:01","slug":"fluorite-argentine","status":"publish","type":"product","link":"https:\/\/westgem.shop\/fr\/produit\/fluorite-argentine\/","title":{"rendered":"FLUORIT - Argentine"},"content":{"rendered":"<p>Pi\u00e8ce brute - coup\u00e9e d'un c\u00f4t\u00e9 de la plut\u00f4t rare FLUORITE d'Argentine.<\/p>\n<p>Bon produit abrasif .<\/p>\n<p>Poids : 60 g Dimensions : 6,5 x 4,5 x 3,5 cm<\/p>","protected":false},"excerpt":{"rendered":"<p>Pi\u00e8ce brute - coup\u00e9e d'un c\u00f4t\u00e9 de la FLUORITE plut\u00f4t rare d'Argentine. Bonne taille . Poids : 60 g Dimensions : 6,5 x 4,5 x 3,5 cm<\/p>","protected":false},"featured_media":1232,"template":"","meta":{"_acf_changed":false},"region":[],"product_brand":[],"product_cat":[15],"product_tag":[],"class_list":{"0":"post-1231","1":"product","2":"type-product","3":"status-publish","4":"has-post-thumbnail","6":"product_cat-mineralien","8":"first","9":"outofstock","10":"sold-individually","11":"product-type-simple"},"acf":[],"_links":{"self":[{"href":"https:\/\/westgem.shop\/fr\/wp-json\/wp\/v2\/product\/1231","targetHints":{"allow":["GET"]}}],"collection":[{"href":"https:\/\/westgem.shop\/fr\/wp-json\/wp\/v2\/product"}],"about":[{"href":"https:\/\/westgem.shop\/fr\/wp-json\/wp\/v2\/types\/product"}],"wp:featuredmedia":[{"embeddable":true,"href":"https:\/\/westgem.shop\/fr\/wp-json\/wp\/v2\/media\/1232"}],"wp:attachment":[{"href":"https:\/\/westgem.shop\/fr\/wp-json\/wp\/v2\/media?parent=1231"}],"wp:term":[{"taxonomy":"region","embeddable":true,"href":"https:\/\/westgem.shop\/fr\/wp-json\/wp\/v2\/region?post=1231"},{"taxonomy":"product_brand","embeddable":true,"href":"https:\/\/westgem.shop\/fr\/wp-json\/wp\/v2\/product_brand?post=1231"},{"taxonomy":"product_cat","embeddable":true,"href":"https:\/\/westgem.shop\/fr\/wp-json\/wp\/v2\/product_cat?post=1231"},{"taxonomy":"product_tag","embeddable":true,"href":"https:\/\/westgem.shop\/fr\/wp-json\/wp\/v2\/product_tag?post=1231"}],"curies":[{"name":"wp","href":"https:\/\/api.w.org\/{rel}","templated":true}]}}