{"id":1235,"date":"2000-08-23T00:00:00","date_gmt":"2000-08-23T00:00:00","guid":{"rendered":"https:\/\/miners.rocks\/product\/300\/"},"modified":"2020-05-19T16:57:01","modified_gmt":"2020-05-19T16:57:01","slug":"gro%ef%ac%82e-fluorite-niveau-1a","status":"publish","type":"product","link":"https:\/\/westgem.shop\/fr\/produit\/gro%ef%ac%82e-fluorite-niveau-1a\/","title":{"rendered":"Grand niveau de FLUORITE - 1A"},"content":{"rendered":"<p>\n\tSuperbe niveau de FLUORITE avec de parfaits cristaux cubiques de grande taille, recouverts de fins quartz xx .<\/p>\n<p>\n\tChenzou - Chine<\/p>\n<p>\n\tpoids : 3,80 kilogrammes  <\/p>\n<p>\n\tLa marche est bien plus belle en nature que sur les photos, mais nous ne prenons volontairement pas de photos en studio afin de conserver un facteur de lumi\u00e8re naturel. C'est un inconv\u00e9nient, en particulier pour les min\u00e9raux transparents, car photographi\u00e9s avec des sources de lumi\u00e8re artificielle, chaque pi\u00e8ce est bien mieux repr\u00e9sent\u00e9e qu'elle ne l'est en r\u00e9alit\u00e9.<\/p>\n<p>\n\tDimensions:25 x 12 x 12 cm CRISTALE FLUORITE jusqu'\u00e0 3 cm de c\u00f4t\u00e9<\/p>\n<p>\n\tLa photo 4 repr\u00e9sente le dessous de la marche.<\/p>","protected":false},"excerpt":{"rendered":"<p>Superbe marche en FLUORITE avec des cristaux cubiques parfaits et de grande taille, recouverts de quartz fin xx . Chenzou - Chine Poids : 3,80 kilogrammes Le niveau est beaucoup plus beau en nature que ce qui est malheureusement repr\u00e9sent\u00e9 sur les photos, mais nous ne faisons volontairement pas de photos en studio pour garder le facteur de lumi\u00e8re naturel. Sp\u00e9cialement pour les min\u00e9raux transparents, c'est un inconv\u00e9nient, [...].<\/p>","protected":false},"featured_media":1236,"template":"","meta":{"_acf_changed":false},"region":[],"product_brand":[],"product_cat":[15],"product_tag":[],"class_list":{"0":"post-1235","1":"product","2":"type-product","3":"status-publish","4":"has-post-thumbnail","6":"product_cat-mineralien","8":"first","9":"outofstock","10":"sold-individually","11":"product-type-simple"},"acf":[],"_links":{"self":[{"href":"https:\/\/westgem.shop\/fr\/wp-json\/wp\/v2\/product\/1235","targetHints":{"allow":["GET"]}}],"collection":[{"href":"https:\/\/westgem.shop\/fr\/wp-json\/wp\/v2\/product"}],"about":[{"href":"https:\/\/westgem.shop\/fr\/wp-json\/wp\/v2\/types\/product"}],"wp:featuredmedia":[{"embeddable":true,"href":"https:\/\/westgem.shop\/fr\/wp-json\/wp\/v2\/media\/1236"}],"wp:attachment":[{"href":"https:\/\/westgem.shop\/fr\/wp-json\/wp\/v2\/media?parent=1235"}],"wp:term":[{"taxonomy":"region","embeddable":true,"href":"https:\/\/westgem.shop\/fr\/wp-json\/wp\/v2\/region?post=1235"},{"taxonomy":"product_brand","embeddable":true,"href":"https:\/\/westgem.shop\/fr\/wp-json\/wp\/v2\/product_brand?post=1235"},{"taxonomy":"product_cat","embeddable":true,"href":"https:\/\/westgem.shop\/fr\/wp-json\/wp\/v2\/product_cat?post=1235"},{"taxonomy":"product_tag","embeddable":true,"href":"https:\/\/westgem.shop\/fr\/wp-json\/wp\/v2\/product_tag?post=1235"}],"curies":[{"name":"wp","href":"https:\/\/api.w.org\/{rel}","templated":true}]}}