{"id":12423,"date":"2021-10-13T06:14:42","date_gmt":"2021-10-13T06:14:42","guid":{"rendered":"https:\/\/westgem.shop\/?post_type=product&#038;p=12423"},"modified":"2021-11-07T07:07:26","modified_gmt":"2021-11-07T07:07:26","slug":"spath-fluor-violet-xx-avec-spath-lourd","status":"publish","type":"product","link":"https:\/\/westgem.shop\/fr\/produit\/spath-fluor-violet-xx-avec-spath-lourd\/","title":{"rendered":"Fluorite xx - El Thule Mexico"},"content":{"rendered":"<p>Beau niveau de cristal rare<\/p>\n<p><strong>Fluorite xx = spath fluor - Chim. CaF2\u00a0<\/strong><\/p>\n<p><strong>baryte xx = sulfate de baryum<\/strong><\/p>\n<p>&nbsp;<\/p>\n<p><strong>Cubes de fluorine violette, avec de la barytine plut\u00f4t rare dans cette r\u00e9gion .<\/strong><\/p>\n<p>Niveau trouv\u00e9 en 1998, depuis, beaucoup de mines abandonn\u00e9es dans cette r\u00e9gion mini\u00e8re.<\/p>\n<p><strong>El Thule - Sierra Tamaulipece - Mexique<\/strong><\/p>\n<p>poids : 410 g<\/p>\n<p>Dim : <strong>11 x 8 x 7 cm<\/strong><\/p>\n<p>&nbsp;<\/p>","protected":false},"excerpt":{"rendered":"<p>Beau niveau cristallin rare Fluorite xx = spath fluor - CaF2 chimique Baryte xx = sulfate de baryum Cubes violets de fluorine, avec baryte plut\u00f4t rare dans cette r\u00e9gion. Niveau trouv\u00e9 en 1998, depuis de nombreuses mines abandonn\u00e9es dans cette r\u00e9gion mini\u00e8re. El Thule - Sierra Tamaulipece - Mexico Poids : 410 g Dim : 11 x 8 x [...]<\/p>","protected":false},"featured_media":12424,"template":"","meta":{"_acf_changed":false},"region":[61],"product_brand":[],"product_cat":[19],"product_tag":[],"class_list":{"0":"post-12423","1":"product","2":"type-product","3":"status-publish","4":"has-post-thumbnail","6":"region-nordamerika","7":"product_cat-kristallstufen","9":"first","10":"instock","11":"sold-individually","12":"taxable","13":"shipping-taxable","14":"purchasable","15":"product-type-simple"},"acf":[],"_links":{"self":[{"href":"https:\/\/westgem.shop\/fr\/wp-json\/wp\/v2\/product\/12423","targetHints":{"allow":["GET"]}}],"collection":[{"href":"https:\/\/westgem.shop\/fr\/wp-json\/wp\/v2\/product"}],"about":[{"href":"https:\/\/westgem.shop\/fr\/wp-json\/wp\/v2\/types\/product"}],"wp:featuredmedia":[{"embeddable":true,"href":"https:\/\/westgem.shop\/fr\/wp-json\/wp\/v2\/media\/12424"}],"wp:attachment":[{"href":"https:\/\/westgem.shop\/fr\/wp-json\/wp\/v2\/media?parent=12423"}],"wp:term":[{"taxonomy":"region","embeddable":true,"href":"https:\/\/westgem.shop\/fr\/wp-json\/wp\/v2\/region?post=12423"},{"taxonomy":"product_brand","embeddable":true,"href":"https:\/\/westgem.shop\/fr\/wp-json\/wp\/v2\/product_brand?post=12423"},{"taxonomy":"product_cat","embeddable":true,"href":"https:\/\/westgem.shop\/fr\/wp-json\/wp\/v2\/product_cat?post=12423"},{"taxonomy":"product_tag","embeddable":true,"href":"https:\/\/westgem.shop\/fr\/wp-json\/wp\/v2\/product_tag?post=12423"}],"curies":[{"name":"wp","href":"https:\/\/api.w.org\/{rel}","templated":true}]}}