{"id":1244,"date":"2000-08-25T00:00:00","date_gmt":"2000-08-25T00:00:00","guid":{"rendered":"https:\/\/miners.rocks\/product\/302\/"},"modified":"2020-05-19T16:57:02","modified_gmt":"2020-05-19T16:57:02","slug":"adular-xx-avec-chlorite-gro%ef%ac%82eve","status":"publish","type":"product","link":"https:\/\/westgem.shop\/fr\/produit\/adular-xx-avec-chlorite-gro%ef%ac%82eve\/","title":{"rendered":"ADULAR xx avec 'Chlorit - Gro\ufb02venediger"},"content":{"rendered":"<p>ADULAR xx une VARI\u00c9T\u00c9 DE CHAMP , est un min\u00e9ral de fissure typique des hautes Alpes.<\/p>\n<p>Les cristaux ADULAR sont tr\u00e8s souvent recouverts de CHLORITE.<\/p>\n<p>Nous avons quelques marches qui ont \u00e9t\u00e9 trouv\u00e9es il y a plusieurs ann\u00e9es dans la r\u00e9gion du Grand Venise, dans l'est du Tyrol, \u00e0 plus de 3.000 m\u00e8tres d'altitude.<\/p>\n<p>Poids : 0,9 kilogramme Dimensions : 14 x 11 x 9 cm<\/p>","protected":false},"excerpt":{"rendered":"<p>ADULAR xx est une vari\u00e9t\u00e9 de champ, c'est un min\u00e9ral de fissure typique des hautes Alpes. Les cristaux d'ADULAR sont tr\u00e8s souvent recouverts de CHLORITE. Nous avons quelques marches qui ont \u00e9t\u00e9 trouv\u00e9es il y a plusieurs ann\u00e9es dans le GROSSVENEDIGER GEBIET \u00e0 l'est du Tyrol, \u00e0 plus de 3.000 m\u00e8tres d'altitude. Poids : 0,9 kilogramme Dimensions : 14 x 11 x 9 cm<\/p>","protected":false},"featured_media":1245,"template":"","meta":{"_acf_changed":false},"region":[],"product_brand":[],"product_cat":[15],"product_tag":[],"class_list":{"0":"post-1244","1":"product","2":"type-product","3":"status-publish","4":"has-post-thumbnail","6":"product_cat-mineralien","8":"first","9":"outofstock","10":"sold-individually","11":"product-type-simple"},"acf":[],"_links":{"self":[{"href":"https:\/\/westgem.shop\/fr\/wp-json\/wp\/v2\/product\/1244","targetHints":{"allow":["GET"]}}],"collection":[{"href":"https:\/\/westgem.shop\/fr\/wp-json\/wp\/v2\/product"}],"about":[{"href":"https:\/\/westgem.shop\/fr\/wp-json\/wp\/v2\/types\/product"}],"wp:featuredmedia":[{"embeddable":true,"href":"https:\/\/westgem.shop\/fr\/wp-json\/wp\/v2\/media\/1245"}],"wp:attachment":[{"href":"https:\/\/westgem.shop\/fr\/wp-json\/wp\/v2\/media?parent=1244"}],"wp:term":[{"taxonomy":"region","embeddable":true,"href":"https:\/\/westgem.shop\/fr\/wp-json\/wp\/v2\/region?post=1244"},{"taxonomy":"product_brand","embeddable":true,"href":"https:\/\/westgem.shop\/fr\/wp-json\/wp\/v2\/product_brand?post=1244"},{"taxonomy":"product_cat","embeddable":true,"href":"https:\/\/westgem.shop\/fr\/wp-json\/wp\/v2\/product_cat?post=1244"},{"taxonomy":"product_tag","embeddable":true,"href":"https:\/\/westgem.shop\/fr\/wp-json\/wp\/v2\/product_tag?post=1244"}],"curies":[{"name":"wp","href":"https:\/\/api.w.org\/{rel}","templated":true}]}}