{"id":12459,"date":"2021-12-20T07:29:08","date_gmt":"2021-12-20T07:29:08","guid":{"rendered":"https:\/\/westgem.shop\/?post_type=product&#038;p=12459"},"modified":"2022-05-22T06:59:49","modified_gmt":"2022-05-22T06:59:49","slug":"pierre-a-pudding","status":"publish","type":"product","link":"https:\/\/westgem.shop\/fr\/produit\/pierre-a-pudding\/","title":{"rendered":"Pierre de pudding - Herfordshire"},"content":{"rendered":"<p>Grande plaque polie d'un conglom\u00e9rat que l'on ne voit pas si souvent.<\/p>\n<p>Roche s\u00e9dimentaire classique avec au moins 50 composants % arrondis.<\/p>\n<p><strong>Le poudingue est un conglom\u00e9rat ciment\u00e9 \u00e0 l'acide silicique avec des galets de silex arrondis, du quartz, du schiste siliceux et du jaspe.<\/strong><\/p>\n<p>Le nom vient du pudding de No\u00ebl anglais, qui est une sorte de boulette de pain avec des fruits secs et qui ressemble visuellement \u00e0 ces conglom\u00e9rats.<\/p>\n<p><strong>Lieu de d\u00e9couverte : Herfordshire - Angleterre - UK<\/strong><\/p>\n<p>Dim :\u00a0<strong> 23 x 11 1,5 cm<\/strong><\/p>\n<p>poids : 700 g<\/p>","protected":false},"excerpt":{"rendered":"<p>Grande plaque polie d'une roche conglom\u00e9ratique que l'on ne voit pas si souvent. Roche s\u00e9dimentaire classique avec au moins 50 composants arrondis %. Le pudding est un conglom\u00e9rat ciment\u00e9 \u00e0 l'acide silicique avec des galets de silex arrondis, du quartz, du schiste siliceux et du jaspe Le nom vient du pudding de No\u00ebl anglais, qui est une sorte de boulette de pain avec des fruits secs et qui ressemble visuellement \u00e0 cela [...].<\/p>","protected":false},"featured_media":12460,"template":"","meta":{"_acf_changed":false},"region":[58],"product_brand":[],"product_cat":[18],"product_tag":[],"class_list":{"0":"post-12459","1":"product","2":"type-product","3":"status-publish","4":"has-post-thumbnail","6":"region-europa","7":"product_cat-geschliffene-einzelstucke","9":"first","10":"instock","11":"sold-individually","12":"taxable","13":"shipping-taxable","14":"purchasable","15":"product-type-simple"},"acf":[],"_links":{"self":[{"href":"https:\/\/westgem.shop\/fr\/wp-json\/wp\/v2\/product\/12459","targetHints":{"allow":["GET"]}}],"collection":[{"href":"https:\/\/westgem.shop\/fr\/wp-json\/wp\/v2\/product"}],"about":[{"href":"https:\/\/westgem.shop\/fr\/wp-json\/wp\/v2\/types\/product"}],"wp:featuredmedia":[{"embeddable":true,"href":"https:\/\/westgem.shop\/fr\/wp-json\/wp\/v2\/media\/12460"}],"wp:attachment":[{"href":"https:\/\/westgem.shop\/fr\/wp-json\/wp\/v2\/media?parent=12459"}],"wp:term":[{"taxonomy":"region","embeddable":true,"href":"https:\/\/westgem.shop\/fr\/wp-json\/wp\/v2\/region?post=12459"},{"taxonomy":"product_brand","embeddable":true,"href":"https:\/\/westgem.shop\/fr\/wp-json\/wp\/v2\/product_brand?post=12459"},{"taxonomy":"product_cat","embeddable":true,"href":"https:\/\/westgem.shop\/fr\/wp-json\/wp\/v2\/product_cat?post=12459"},{"taxonomy":"product_tag","embeddable":true,"href":"https:\/\/westgem.shop\/fr\/wp-json\/wp\/v2\/product_tag?post=12459"}],"curies":[{"name":"wp","href":"https:\/\/api.w.org\/{rel}","templated":true}]}}