{"id":1248,"date":"2000-08-26T00:00:00","date_gmt":"2000-08-26T00:00:00","guid":{"rendered":"https:\/\/miners.rocks\/product\/303\/"},"modified":"2020-05-19T16:57:02","modified_gmt":"2020-05-19T16:57:02","slug":"larimar-nature","status":"publish","type":"product","link":"https:\/\/westgem.shop\/fr\/produit\/larimar-nature\/","title":{"rendered":"LARIMAR Nature"},"content":{"rendered":"<p>Le LARIMAR est la vari\u00e9t\u00e9 bleut\u00e9e du min\u00e9ral PEKTOLITH.<\/p>\n<p>La PEKTOLITH n'a rien de sp\u00e9cial : c'est un silicate de sodium d'une duret\u00e9 de 4,5 \u00e0 5.<\/p>\n<p>En R\u00e9publique dominicaine, il existe une vari\u00e9t\u00e9 qui est partiellement color\u00e9e en bleu par des ions de fer - et c'est quelque chose qu'on ne trouve pas ailleurs.<\/p>\n<p>Le nom \u00e9sot\u00e9rique de \"pierre d'ATLANTIS\" donne \u00e0 ce min\u00e9ral quelque chose de mystique - en plus, il poss\u00e8de de nombreux \"pouvoirs de gu\u00e9rison\" miraculeux - ce qui rend le VRAI LARIMAR relativement cher.<\/p>\n<p>Entre-temps, il y a bien s\u00fbr des quantit\u00e9s de \"bijoux en larimar\" bon march\u00e9 de production chinoise - en grande partie du quartz color\u00e9 !<\/p>\n<p>Le poids de cette pi\u00e8ce est de 123 grammes. Cette bonne qualit\u00e9 co\u00fbte d\u00e9j\u00e0 plus de 2 dollars le gramme ! \u00e0 la mine !<\/p>\n<p> Dimensions : 6 x 5 x 2 cm<\/p>","protected":false},"excerpt":{"rendered":"<p>Le LARIMAR est une vari\u00e9t\u00e9 bleut\u00e9e du min\u00e9ral PEKTOLITH. La PEKTOLITH n'a rien de particulier - c'est un silicate de sodium d'une duret\u00e9 de 4,5 \u00e0 5. En R\u00e9publique dominicaine, il existe une vari\u00e9t\u00e9 qui est partiellement color\u00e9e en bleu par des ions de fer - et c'est quelque chose que l'on ne trouve pas ailleurs. Le nom \u00e9sot\u00e9rique \" ATLANTIS PIERRE [...] \" est un nom qui signifie \" pierre \".<\/p>","protected":false},"featured_media":1249,"template":"","meta":{"_acf_changed":false},"region":[],"product_brand":[],"product_cat":[15],"product_tag":[],"class_list":{"0":"post-1248","1":"product","2":"type-product","3":"status-publish","4":"has-post-thumbnail","6":"product_cat-mineralien","8":"first","9":"outofstock","10":"sold-individually","11":"product-type-simple"},"acf":[],"_links":{"self":[{"href":"https:\/\/westgem.shop\/fr\/wp-json\/wp\/v2\/product\/1248","targetHints":{"allow":["GET"]}}],"collection":[{"href":"https:\/\/westgem.shop\/fr\/wp-json\/wp\/v2\/product"}],"about":[{"href":"https:\/\/westgem.shop\/fr\/wp-json\/wp\/v2\/types\/product"}],"wp:featuredmedia":[{"embeddable":true,"href":"https:\/\/westgem.shop\/fr\/wp-json\/wp\/v2\/media\/1249"}],"wp:attachment":[{"href":"https:\/\/westgem.shop\/fr\/wp-json\/wp\/v2\/media?parent=1248"}],"wp:term":[{"taxonomy":"region","embeddable":true,"href":"https:\/\/westgem.shop\/fr\/wp-json\/wp\/v2\/region?post=1248"},{"taxonomy":"product_brand","embeddable":true,"href":"https:\/\/westgem.shop\/fr\/wp-json\/wp\/v2\/product_brand?post=1248"},{"taxonomy":"product_cat","embeddable":true,"href":"https:\/\/westgem.shop\/fr\/wp-json\/wp\/v2\/product_cat?post=1248"},{"taxonomy":"product_tag","embeddable":true,"href":"https:\/\/westgem.shop\/fr\/wp-json\/wp\/v2\/product_tag?post=1248"}],"curies":[{"name":"wp","href":"https:\/\/api.w.org\/{rel}","templated":true}]}}