{"id":1253,"date":"2021-07-27T00:00:00","date_gmt":"2021-07-27T00:00:00","guid":{"rendered":"https:\/\/miners.rocks\/product\/304\/"},"modified":"2024-02-03T07:50:17","modified_gmt":"2024-02-03T07:50:17","slug":"woelsendorfer-baryt-xx","status":"publish","type":"product","link":"https:\/\/westgem.shop\/fr\/produit\/woelsendorfer-baryt-xx\/","title":{"rendered":"W\u00f6lsendorfer BARYT xx"},"content":{"rendered":"<p><strong>W\u00f6lsendorf, en Bavi\u00e8re orientale, \u00e9tait autrefois la plus grande mine de FLUSSSPAT au monde.<\/strong><\/p>\n<p>Des BARYTES ont \u00e9t\u00e9 trouv\u00e9s \u00e0 plusieurs reprises.<\/p>\n<p>Cette pi\u00e8ce montre les caract\u00e9ristiques de l'os parallaxe. <strong>\"Cr\u00eates de coq\" -<\/strong><\/p>\n<p>W\u00f6lsendorfer BARYT xx provenant d'une ancienne collection.<\/p>\n<p>poids : <strong>1,4 kilogramme<\/strong><\/p>\n<p>Dimensions : 15 x 12 x 4 cm<\/p>","protected":false},"excerpt":{"rendered":"<p>W\u00f6lsendorf en Bavi\u00e8re orientale \u00e9tait autrefois la plus grande mine de FLUSSSPAT au monde. Des BARYTES y ont \u00e9t\u00e9 d\u00e9couverts \u00e0 plusieurs reprises. Cette pi\u00e8ce montre les \"cr\u00eates de coq\" typiques de W\u00f6lsendorf - BARYT xx d'une ancienne collection. Poids : 1,4 kilogramme Dimensions : 15 x 12 x 4 cm<\/p>","protected":false},"featured_media":1254,"template":"","meta":{"_acf_changed":false},"region":[58],"product_brand":[],"product_cat":[22,19],"product_tag":[],"class_list":{"0":"post-1253","1":"product","2":"type-product","3":"status-publish","4":"has-post-thumbnail","6":"region-europa","7":"product_cat-allgemein","8":"product_cat-kristallstufen","10":"first","11":"outofstock","12":"sold-individually","13":"product-type-simple"},"acf":[],"_links":{"self":[{"href":"https:\/\/westgem.shop\/fr\/wp-json\/wp\/v2\/product\/1253","targetHints":{"allow":["GET"]}}],"collection":[{"href":"https:\/\/westgem.shop\/fr\/wp-json\/wp\/v2\/product"}],"about":[{"href":"https:\/\/westgem.shop\/fr\/wp-json\/wp\/v2\/types\/product"}],"wp:featuredmedia":[{"embeddable":true,"href":"https:\/\/westgem.shop\/fr\/wp-json\/wp\/v2\/media\/1254"}],"wp:attachment":[{"href":"https:\/\/westgem.shop\/fr\/wp-json\/wp\/v2\/media?parent=1253"}],"wp:term":[{"taxonomy":"region","embeddable":true,"href":"https:\/\/westgem.shop\/fr\/wp-json\/wp\/v2\/region?post=1253"},{"taxonomy":"product_brand","embeddable":true,"href":"https:\/\/westgem.shop\/fr\/wp-json\/wp\/v2\/product_brand?post=1253"},{"taxonomy":"product_cat","embeddable":true,"href":"https:\/\/westgem.shop\/fr\/wp-json\/wp\/v2\/product_cat?post=1253"},{"taxonomy":"product_tag","embeddable":true,"href":"https:\/\/westgem.shop\/fr\/wp-json\/wp\/v2\/product_tag?post=1253"}],"curies":[{"name":"wp","href":"https:\/\/api.w.org\/{rel}","templated":true}]}}