{"id":12540,"date":"2002-01-22T00:00:00","date_gmt":"2002-01-22T00:00:00","guid":{"rendered":"https:\/\/westgem.shop\/product\/amethyst-aaa-zambia\/"},"modified":"2002-01-22T00:00:00","modified_gmt":"2002-01-22T00:00:00","slug":"amethyst-aaa-zambia","status":"publish","type":"product","link":"https:\/\/westgem.shop\/fr\/produit\/amethyst-aaa-zambia\/","title":{"rendered":"AMETHYST AAA - ZAMBIE"},"content":{"rendered":"<p>Sur demande sp\u00e9ciale du client !<\/p>\n<p>3 AMETHYSTS africains de premi\u00e8re classe de qualit\u00e9 AAA<\/p>\n<p>Transparent, brillant - NATURAL COLOR !<\/p>\n<p>MINE DE CRISTAL DE KALOMO - ZAMBIE - AFRIQUE<\/p>\n<p>3 pierres poids total 25 g. Diam\u00e8tre jusqu'\u00e0 2.5 cm<\/p>\n<p>Ces qualit\u00e9s co\u00fbtent actuellement 2,50 \u20ac par gramme. <\/p>\n<p>PRIX SP\u00c9CIAL EN LIGNE !<\/p>","protected":false},"excerpt":{"rendered":"<p>Sur demande sp\u00e9ciale du client ! 3 AMETHYSTES africains de premi\u00e8re classe de qualit\u00e9 AAA Transparents, brillants - COULEUR NATURELLE ! MINE DE CRYSTAL DE KALOMO - ZAMBIE - AFRIQUE 3 pierres poids total 25 g. Diam\u00e8tre jusqu'\u00e0 2.5 cm Ces qualit\u00e9s co\u00fbtent mom. \u20ac 2.50 par gram ONLINE SPECIAL PRICE !<\/p>","protected":false},"featured_media":0,"template":"","meta":{"_acf_changed":false},"region":[],"product_brand":[],"product_cat":[15],"product_tag":[],"class_list":{"0":"post-12540","1":"product","2":"type-product","3":"status-publish","5":"product_cat-mineralien","7":"first","8":"outofstock","9":"sold-individually","10":"product-type-simple"},"acf":[],"_links":{"self":[{"href":"https:\/\/westgem.shop\/fr\/wp-json\/wp\/v2\/product\/12540","targetHints":{"allow":["GET"]}}],"collection":[{"href":"https:\/\/westgem.shop\/fr\/wp-json\/wp\/v2\/product"}],"about":[{"href":"https:\/\/westgem.shop\/fr\/wp-json\/wp\/v2\/types\/product"}],"wp:attachment":[{"href":"https:\/\/westgem.shop\/fr\/wp-json\/wp\/v2\/media?parent=12540"}],"wp:term":[{"taxonomy":"region","embeddable":true,"href":"https:\/\/westgem.shop\/fr\/wp-json\/wp\/v2\/region?post=12540"},{"taxonomy":"product_brand","embeddable":true,"href":"https:\/\/westgem.shop\/fr\/wp-json\/wp\/v2\/product_brand?post=12540"},{"taxonomy":"product_cat","embeddable":true,"href":"https:\/\/westgem.shop\/fr\/wp-json\/wp\/v2\/product_cat?post=12540"},{"taxonomy":"product_tag","embeddable":true,"href":"https:\/\/westgem.shop\/fr\/wp-json\/wp\/v2\/product_tag?post=12540"}],"curies":[{"name":"wp","href":"https:\/\/api.w.org\/{rel}","templated":true}]}}