{"id":12660,"date":"2002-06-24T00:00:00","date_gmt":"2002-06-24T00:00:00","guid":{"rendered":"https:\/\/westgem.shop\/product\/green-wulfenit-xx-rarity\/"},"modified":"2002-06-24T00:00:00","modified_gmt":"2002-06-24T00:00:00","slug":"wulfenit-verte-xx-rarity","status":"publish","type":"product","link":"https:\/\/westgem.shop\/fr\/produit\/wulfenit-verte-xx-rarity\/","title":{"rendered":"GREEN WULFENIT xx - RARITY"},"content":{"rendered":"<p>Top RARITY !<\/p>\n<p> WULFENIT step with tabular orange WULFENIT crystals with beautiful surfaces AND GREENISH-GRAY hemimorphic, relatively large WULFENIT crystals on bleached Wetterstein limestone.<\/p>\n<p> Ce stade, avec ces cristaux d'HEMIMORPH gris-vert d\u00e9velopp\u00e9s par WULFENIT, provient probablement d'une d\u00e9couverte tr\u00e8s ancienne. De tels cristaux n'ont JAMAIS \u00e9t\u00e9 vus dans les c\u00e9l\u00e8bres sp\u00e9cimens de WULFENIT de Bleiberg, qui ont \u00e9t\u00e9 trouv\u00e9s de 1970 \u00e0 1986.<\/p>\n<p> De la localit\u00e9 de type WULFENIT - BLEIBERG \/ KREUTH<\/p>\n<p> Pit STEFANIE, 13e manche<\/p>\n<p>\n Il n'y a que TR\u00c8S PEU de ces niveaux : !<\/p>\n<p>\n Poids : 170 g Dimensions : 8.5 x 5.5 x 5 cm<\/p>","protected":false},"excerpt":{"rendered":"<p>Top RARITY ! WULFENIT step with tabular orange WULFENIT crystals with beautiful surfaces AND GREENISH-GRAY hemimorphic, relatively large WULFENIT crystals on bleached Wetterstein limestone. Ce stade, avec ces cristaux de WULFENIT gris-vert HEMIMORPH d\u00e9velopp\u00e9s, provient probablement d'une d\u00e9couverte tr\u00e8s ancienne. De tels cristaux n'ont JAMAIS \u00e9t\u00e9 vus dans les c\u00e9l\u00e8bres sp\u00e9cimens de WULFENIT de Bleiberg, qui ont \u00e9t\u00e9 trouv\u00e9s [...].<\/p>","protected":false},"featured_media":0,"template":"","meta":{"_acf_changed":false},"region":[],"product_brand":[],"product_cat":[15],"product_tag":[],"class_list":{"0":"post-12660","1":"product","2":"type-product","3":"status-publish","5":"product_cat-mineralien","7":"first","8":"outofstock","9":"sold-individually","10":"product-type-simple"},"acf":[],"_links":{"self":[{"href":"https:\/\/westgem.shop\/fr\/wp-json\/wp\/v2\/product\/12660","targetHints":{"allow":["GET"]}}],"collection":[{"href":"https:\/\/westgem.shop\/fr\/wp-json\/wp\/v2\/product"}],"about":[{"href":"https:\/\/westgem.shop\/fr\/wp-json\/wp\/v2\/types\/product"}],"wp:attachment":[{"href":"https:\/\/westgem.shop\/fr\/wp-json\/wp\/v2\/media?parent=12660"}],"wp:term":[{"taxonomy":"region","embeddable":true,"href":"https:\/\/westgem.shop\/fr\/wp-json\/wp\/v2\/region?post=12660"},{"taxonomy":"product_brand","embeddable":true,"href":"https:\/\/westgem.shop\/fr\/wp-json\/wp\/v2\/product_brand?post=12660"},{"taxonomy":"product_cat","embeddable":true,"href":"https:\/\/westgem.shop\/fr\/wp-json\/wp\/v2\/product_cat?post=12660"},{"taxonomy":"product_tag","embeddable":true,"href":"https:\/\/westgem.shop\/fr\/wp-json\/wp\/v2\/product_tag?post=12660"}],"curies":[{"name":"wp","href":"https:\/\/api.w.org\/{rel}","templated":true}]}}