{"id":12703,"date":"2022-06-07T07:52:26","date_gmt":"2022-06-07T07:52:26","guid":{"rendered":"https:\/\/westgem.shop\/?post_type=product&#038;p=12703"},"modified":"2022-07-10T07:03:45","modified_gmt":"2022-07-10T07:03:45","slug":"sodalith-bolivie-2","status":"publish","type":"product","link":"https:\/\/westgem.shop\/fr\/produit\/sodalith-bolivie-2\/","title":{"rendered":"Sodalite - Bolivie"},"content":{"rendered":"<p><strong>Pierre brute d'une couleur absolument TOP.<\/strong><\/p>\n<p>La sodalite est un min\u00e9ral plut\u00f4t rare - en particulier avec des couleurs bleues intenses.<\/p>\n<p>A partir de l'\u00e9bauche, on pourrait aussi fabriquer de belles pierres pr\u00e9cieuses ou des pierres d'ornement.<br \/>\nPoncer et polir les formes libres.<\/p>\n<p>Lieu de d\u00e9couverte : : Cerro San Christobal - Cochabamba - Bolivie - Am\u00e9rique du Sud<\/p>\n<p><strong>poids : 1,5 kilogramme<\/strong><\/p>\n<p>Dim : 20 x 18 x 7 cm<\/p>","protected":false},"excerpt":{"rendered":"<p>Pierre brute d'une couleur absolument TOP. La sodalite est un min\u00e9ral plut\u00f4t rare - en particulier avec des couleurs bleues intenses. On pourrait aussi tailler et polir de belles pierres pr\u00e9cieuses ou des formes libres \u00e0 partir de cette pi\u00e8ce brute. Lieu de d\u00e9couverte: : Cerro San Christobal - Cochabamba - Bolivie - Am\u00e9rique du Sud Poids : 1,5 kilogramme Dim. : 20 x 18 x 7 cm<\/p>","protected":false},"featured_media":12699,"template":"","meta":{"_acf_changed":false},"region":[60],"product_brand":[],"product_cat":[16],"product_tag":[],"class_list":{"0":"post-12703","1":"product","2":"type-product","3":"status-publish","4":"has-post-thumbnail","6":"region-suedamerika","7":"product_cat-rohsteine","9":"first","10":"instock","11":"sold-individually","12":"taxable","13":"shipping-taxable","14":"purchasable","15":"product-type-simple"},"acf":[],"_links":{"self":[{"href":"https:\/\/westgem.shop\/fr\/wp-json\/wp\/v2\/product\/12703","targetHints":{"allow":["GET"]}}],"collection":[{"href":"https:\/\/westgem.shop\/fr\/wp-json\/wp\/v2\/product"}],"about":[{"href":"https:\/\/westgem.shop\/fr\/wp-json\/wp\/v2\/types\/product"}],"wp:featuredmedia":[{"embeddable":true,"href":"https:\/\/westgem.shop\/fr\/wp-json\/wp\/v2\/media\/12699"}],"wp:attachment":[{"href":"https:\/\/westgem.shop\/fr\/wp-json\/wp\/v2\/media?parent=12703"}],"wp:term":[{"taxonomy":"region","embeddable":true,"href":"https:\/\/westgem.shop\/fr\/wp-json\/wp\/v2\/region?post=12703"},{"taxonomy":"product_brand","embeddable":true,"href":"https:\/\/westgem.shop\/fr\/wp-json\/wp\/v2\/product_brand?post=12703"},{"taxonomy":"product_cat","embeddable":true,"href":"https:\/\/westgem.shop\/fr\/wp-json\/wp\/v2\/product_cat?post=12703"},{"taxonomy":"product_tag","embeddable":true,"href":"https:\/\/westgem.shop\/fr\/wp-json\/wp\/v2\/product_tag?post=12703"}],"curies":[{"name":"wp","href":"https:\/\/api.w.org\/{rel}","templated":true}]}}