{"id":1272,"date":"2000-09-01T00:00:00","date_gmt":"2000-09-01T00:00:00","guid":{"rendered":"https:\/\/miners.rocks\/product\/309\/"},"modified":"2020-05-19T16:57:05","modified_gmt":"2020-05-19T16:57:05","slug":"magnetite-xx-2","status":"publish","type":"product","link":"https:\/\/westgem.shop\/fr\/produit\/magnetite-xx-2\/","title":{"rendered":"magn\u00e9tite xx"},"content":{"rendered":"<p>MAGM\u00c9TITE Cristaux de Fe3O4, octa\u00e8dres croissants, fortement magn\u00e9tiques.<\/p>\n<p>Fer de haute qualit\u00e9 - minerai provenant des gisements de Potosi en Bolivie.<\/p>\n<p>le poids de la marche est de 1,63 kilogramme<\/p>\n<p>Dimensions : 14x 11 x 5 cm<\/p>\n<p>La marche n'est PAS nettoy\u00e9e - avec de l'eau savonneuse et une brosse m\u00e9tallique, il est possible d'obtenir un bon brillant sur les surfaces en cristal.<\/p>","protected":false},"excerpt":{"rendered":"<p>MAGM\u00c9TITE Cristaux de Fe3O4, octa\u00e8dres d\u00e9velopp\u00e9s, fortement magn\u00e9tiques. Minerai de fer de haute qualit\u00e9 provenant des gisements de Potosi en Bolivie. Le poids de la marche est de 1,63 kilogramme Dimensions : 14x 11 x 5 cm La marche n'est PAS nettoy\u00e9e - avec de l'eau savonneuse et une brosse m\u00e9tallique, il est possible d'obtenir un bon brillant sur les surfaces cristallines.<\/p>","protected":false},"featured_media":1273,"template":"","meta":{"_acf_changed":false},"region":[],"product_brand":[],"product_cat":[15],"product_tag":[],"class_list":{"0":"post-1272","1":"product","2":"type-product","3":"status-publish","4":"has-post-thumbnail","6":"product_cat-mineralien","8":"first","9":"outofstock","10":"sold-individually","11":"product-type-simple"},"acf":[],"_links":{"self":[{"href":"https:\/\/westgem.shop\/fr\/wp-json\/wp\/v2\/product\/1272","targetHints":{"allow":["GET"]}}],"collection":[{"href":"https:\/\/westgem.shop\/fr\/wp-json\/wp\/v2\/product"}],"about":[{"href":"https:\/\/westgem.shop\/fr\/wp-json\/wp\/v2\/types\/product"}],"wp:featuredmedia":[{"embeddable":true,"href":"https:\/\/westgem.shop\/fr\/wp-json\/wp\/v2\/media\/1273"}],"wp:attachment":[{"href":"https:\/\/westgem.shop\/fr\/wp-json\/wp\/v2\/media?parent=1272"}],"wp:term":[{"taxonomy":"region","embeddable":true,"href":"https:\/\/westgem.shop\/fr\/wp-json\/wp\/v2\/region?post=1272"},{"taxonomy":"product_brand","embeddable":true,"href":"https:\/\/westgem.shop\/fr\/wp-json\/wp\/v2\/product_brand?post=1272"},{"taxonomy":"product_cat","embeddable":true,"href":"https:\/\/westgem.shop\/fr\/wp-json\/wp\/v2\/product_cat?post=1272"},{"taxonomy":"product_tag","embeddable":true,"href":"https:\/\/westgem.shop\/fr\/wp-json\/wp\/v2\/product_tag?post=1272"}],"curies":[{"name":"wp","href":"https:\/\/api.w.org\/{rel}","templated":true}]}}