{"id":12748,"date":"2021-10-18T09:47:15","date_gmt":"2021-10-18T09:47:15","guid":{"rendered":"https:\/\/westgem.shop\/?post_type=product&#038;p=12748"},"modified":"2022-01-01T16:21:39","modified_gmt":"2022-01-01T16:21:39","slug":"rarete-bleiberger-wulfenit-xx-avec-bleu-de-zinc","status":"publish","type":"product","link":"https:\/\/westgem.shop\/fr\/produit\/rarete-bleiberger-wulfenit-xx-avec-bleu-de-zinc\/","title":{"rendered":"Wulfenit xx Hydrozincite - Montagne de plomb"},"content":{"rendered":"<p><strong>Top raret\u00e9 pour les collectionneurs.<\/strong><\/p>\n<p><strong>Wulfenit xx avec hydrozincite blanche <\/strong><\/p>\n<p>En termes miniers, on parle aussi de <strong>Fleur de zinc<\/strong> est d\u00e9sign\u00e9.<\/p>\n<p><strong>Tr\u00e8s rare !<\/strong><\/p>\n<p><strong>L'hydrozincite a \u00e9t\u00e9 d\u00e9couverte pour la premi\u00e8re fois en 1853, dans les zones d'oxydation des gisements de zinc \u00e0 Bleiberg\/Carinthie.<\/strong><\/p>\n<p>En outre, bien s\u00fbr <strong>beaux cristaux de wulf\u00e9nite jaune miel avec gal\u00e8ne\/plomb noir sur calcaire m\u00e9t\u00e9oritique brun<\/strong><\/p>\n<p><strong>Lieu de d\u00e9couverte : dans les ann\u00e9es 1950 Grube Stefanie - Konradigang - 12. Lauf - Bleiberg\/Kreuth<\/strong><\/p>\n<p>Carinthie - Autriche<\/p>\n<p>poids :<strong> 0,9 kilogramme<\/strong><\/p>\n<p>Dim : 11 x 9 x 5 cm<\/p>","protected":false},"excerpt":{"rendered":"<p>Top raret\u00e9 pour les collectionneurs. Wulfenit xx avec de l'hydrozincite blanche, \u00e9galement appel\u00e9e \"fleur de zinc\". Tr\u00e8s rare ! L'hydrozincite a \u00e9t\u00e9 d\u00e9couverte pour la premi\u00e8re fois en 1853, dans les zones d'oxydation des gisements de zinc \u00e0 Bleiberg\/Carinthie. En outre, bien s\u00fbr, de beaux cristaux de wulf\u00e9nite jaune miel avec de la gal\u00e8ne\/plomb noir sur du calcaire brun Wettersteink Lieu de d\u00e9couverte : dans les ann\u00e9es 1950 Grube Stefanie - Konradigang - [...].<\/p>","protected":false},"featured_media":16335,"template":"","meta":{"_acf_changed":false},"region":[59],"product_brand":[],"product_cat":[19],"product_tag":[],"class_list":{"0":"post-12748","1":"product","2":"type-product","3":"status-publish","4":"has-post-thumbnail","6":"region-oesterreich","7":"product_cat-kristallstufen","9":"first","10":"outofstock","11":"sold-individually","12":"taxable","13":"shipping-taxable","14":"purchasable","15":"product-type-simple"},"acf":[],"_links":{"self":[{"href":"https:\/\/westgem.shop\/fr\/wp-json\/wp\/v2\/product\/12748","targetHints":{"allow":["GET"]}}],"collection":[{"href":"https:\/\/westgem.shop\/fr\/wp-json\/wp\/v2\/product"}],"about":[{"href":"https:\/\/westgem.shop\/fr\/wp-json\/wp\/v2\/types\/product"}],"wp:featuredmedia":[{"embeddable":true,"href":"https:\/\/westgem.shop\/fr\/wp-json\/wp\/v2\/media\/16335"}],"wp:attachment":[{"href":"https:\/\/westgem.shop\/fr\/wp-json\/wp\/v2\/media?parent=12748"}],"wp:term":[{"taxonomy":"region","embeddable":true,"href":"https:\/\/westgem.shop\/fr\/wp-json\/wp\/v2\/region?post=12748"},{"taxonomy":"product_brand","embeddable":true,"href":"https:\/\/westgem.shop\/fr\/wp-json\/wp\/v2\/product_brand?post=12748"},{"taxonomy":"product_cat","embeddable":true,"href":"https:\/\/westgem.shop\/fr\/wp-json\/wp\/v2\/product_cat?post=12748"},{"taxonomy":"product_tag","embeddable":true,"href":"https:\/\/westgem.shop\/fr\/wp-json\/wp\/v2\/product_tag?post=12748"}],"curies":[{"name":"wp","href":"https:\/\/api.w.org\/{rel}","templated":true}]}}