{"id":1275,"date":"2000-09-02T00:00:00","date_gmt":"2000-09-02T00:00:00","guid":{"rendered":"https:\/\/miners.rocks\/product\/310\/"},"modified":"2020-05-19T16:57:06","modified_gmt":"2020-05-19T16:57:06","slug":"collier-coeur-malachite","status":"publish","type":"product","link":"https:\/\/westgem.shop\/fr\/produit\/collier-coeur-malachite\/","title":{"rendered":"Collier c\u0153ur en malachite"},"content":{"rendered":"<p>Tr\u00e8s beau c\u0153ur en malachite - poli \u00e0 la main - perc\u00e9 transversalement.<\/p>\n<p>R\u00e9alis\u00e9 sous forme de collier avec des cordes en acier inoxydable d\u00e9coup\u00e9es au laser et un fermoir mousqueton en argent pur.<\/p>\n<p>Poids total 40 grammes - 5 cordes fines en acier inoxydable d\u00e9coup\u00e9es au laser - 44 cm de long.<\/p>\n<p>c\u0153ur : 3,5 x 3,5 x 1,4 cm<\/p>\n<p>Taill\u00e9 \u00e0 partir d'une fine malachite brute du Katanga au Congo.<\/p>\n<p>Pi\u00e8ce unique !<\/p>\n<p>La livraison comprend le collier complet avec la description des pierres pr\u00e9cieuses et l'\u00e9tui cadeau.<\/p>","protected":false},"excerpt":{"rendered":"<p>Tr\u00e8s beau c\u0153ur en malachite - poli \u00e0 la main - perc\u00e9 transversalement. Travaill\u00e9 en collier avec des cordes en acier inoxydable d\u00e9coup\u00e9es au laser et un fermoir \u00e0 mousqueton en argent pur. Poids total 40 grammes - 5 fines cordes en acier inoxydable d\u00e9coup\u00e9es au laser - 44 cm de long. C\u0153ur : 3,5 x 3,5 x 1,4 cm Taill\u00e9 dans de la malachite fine brute du Katanga au Congo. Pi\u00e8ce unique ! La livraison comprend le collier complet avec [...].<\/p>","protected":false},"featured_media":1276,"template":"","meta":{"_acf_changed":false},"region":[],"product_brand":[],"product_cat":[15],"product_tag":[],"class_list":{"0":"post-1275","1":"product","2":"type-product","3":"status-publish","4":"has-post-thumbnail","6":"product_cat-mineralien","8":"first","9":"outofstock","10":"sold-individually","11":"product-type-simple"},"acf":[],"_links":{"self":[{"href":"https:\/\/westgem.shop\/fr\/wp-json\/wp\/v2\/product\/1275","targetHints":{"allow":["GET"]}}],"collection":[{"href":"https:\/\/westgem.shop\/fr\/wp-json\/wp\/v2\/product"}],"about":[{"href":"https:\/\/westgem.shop\/fr\/wp-json\/wp\/v2\/types\/product"}],"wp:featuredmedia":[{"embeddable":true,"href":"https:\/\/westgem.shop\/fr\/wp-json\/wp\/v2\/media\/1276"}],"wp:attachment":[{"href":"https:\/\/westgem.shop\/fr\/wp-json\/wp\/v2\/media?parent=1275"}],"wp:term":[{"taxonomy":"region","embeddable":true,"href":"https:\/\/westgem.shop\/fr\/wp-json\/wp\/v2\/region?post=1275"},{"taxonomy":"product_brand","embeddable":true,"href":"https:\/\/westgem.shop\/fr\/wp-json\/wp\/v2\/product_brand?post=1275"},{"taxonomy":"product_cat","embeddable":true,"href":"https:\/\/westgem.shop\/fr\/wp-json\/wp\/v2\/product_cat?post=1275"},{"taxonomy":"product_tag","embeddable":true,"href":"https:\/\/westgem.shop\/fr\/wp-json\/wp\/v2\/product_tag?post=1275"}],"curies":[{"name":"wp","href":"https:\/\/api.w.org\/{rel}","templated":true}]}}