{"id":1278,"date":"2000-09-03T00:00:00","date_gmt":"2000-09-03T00:00:00","guid":{"rendered":"https:\/\/miners.rocks\/product\/311\/"},"modified":"2020-05-19T16:57:06","modified_gmt":"2020-05-19T16:57:06","slug":"pendentifs-en-malachite","status":"publish","type":"product","link":"https:\/\/westgem.shop\/fr\/produit\/pendentifs-en-malachite\/","title":{"rendered":"Pendentif en malachite"},"content":{"rendered":"<p>Attrayant \" Eye catcher \" pendentif pour collier avec un grand anneau de pendentif fait \u00e0 la main en argent pur - convient \u00e9galement pour les cha\u00eenes plus \u00e9paisses ou les cordons et les cercles en caoutchouc.<\/p>\n<p>Taille rectangulaire - en malachite brute de la ceinture de cuivre au Congo ( fournit actuellement la meilleure malachite digne d'\u00eatre taill\u00e9e )<\/p>\n<p>Poids : 18 grammes Dimension : longueur avec \u0153illet en argent 4,5 cm<\/p>\n<p>pierre : 3,5 x 2,5 cm<\/p>\n<p>Contenu de la livraison : pendentif en malachite SANS la cha\u00eene royale repr\u00e9sent\u00e9e .avec description de la pierre et \u00e9tui \u00e0 bijoux.<\/p>\n<p>Sur demande, \u00e9galement disponible avec cette cha\u00eene royale SILBER - Made in Germany ! - prix sur demande.<\/p>","protected":false},"excerpt":{"rendered":"<p>Attrayant \" Eye catcher \" pendentif de collier avec un grand anneau de pendentif fait \u00e0 la main en argent pur - convient aussi pour des cha\u00eenes plus \u00e9paisses ou des cordons et des cercles en caoutchouc. Taille rectangulaire - en malachite Mati\u00e8re premi\u00e8re provenant de la ceinture de cuivre au Congo ( fournit actuellement la meilleure malachite digne d'\u00eatre taill\u00e9e ) Poids : 18 grammes Dimensions : Longueur avec \u0153illet en argent 4,5 cm Pierre : 3,5 [...]<\/p>","protected":false},"featured_media":1279,"template":"","meta":{"_acf_changed":false},"region":[],"product_brand":[],"product_cat":[15],"product_tag":[],"class_list":{"0":"post-1278","1":"product","2":"type-product","3":"status-publish","4":"has-post-thumbnail","6":"product_cat-mineralien","8":"first","9":"outofstock","10":"sold-individually","11":"product-type-simple"},"acf":[],"_links":{"self":[{"href":"https:\/\/westgem.shop\/fr\/wp-json\/wp\/v2\/product\/1278","targetHints":{"allow":["GET"]}}],"collection":[{"href":"https:\/\/westgem.shop\/fr\/wp-json\/wp\/v2\/product"}],"about":[{"href":"https:\/\/westgem.shop\/fr\/wp-json\/wp\/v2\/types\/product"}],"wp:featuredmedia":[{"embeddable":true,"href":"https:\/\/westgem.shop\/fr\/wp-json\/wp\/v2\/media\/1279"}],"wp:attachment":[{"href":"https:\/\/westgem.shop\/fr\/wp-json\/wp\/v2\/media?parent=1278"}],"wp:term":[{"taxonomy":"region","embeddable":true,"href":"https:\/\/westgem.shop\/fr\/wp-json\/wp\/v2\/region?post=1278"},{"taxonomy":"product_brand","embeddable":true,"href":"https:\/\/westgem.shop\/fr\/wp-json\/wp\/v2\/product_brand?post=1278"},{"taxonomy":"product_cat","embeddable":true,"href":"https:\/\/westgem.shop\/fr\/wp-json\/wp\/v2\/product_cat?post=1278"},{"taxonomy":"product_tag","embeddable":true,"href":"https:\/\/westgem.shop\/fr\/wp-json\/wp\/v2\/product_tag?post=1278"}],"curies":[{"name":"wp","href":"https:\/\/api.w.org\/{rel}","templated":true}]}}